{"id":8529,"date":"2016-06-05T15:13:17","date_gmt":"2016-06-05T15:13:17","guid":{"rendered":"https:\/\/lovefromhungary.com\/fr\/product\/half-day-city-tour\/"},"modified":"2025-01-23T08:17:30","modified_gmt":"2025-01-23T08:17:30","slug":"visite-privee-budapest-voiture-demi-journee","status":"publish","type":"product","link":"https:\/\/lovefromhungary.com\/fr\/tours\/visite-privee-budapest-voiture-demi-journee\/","title":{"rendered":"VISITE DE BUDAPEST EN VOITURE &#8211; DEMI JOURN\u00c9E"},"content":{"rendered":"<p>La visite priv\u00e9e de Budapest avec votre guide et avec votre chauffeur priv\u00e9s vous permettra de d\u00e9couvrir dans les meilleures conditions, le patrimoine incroyablement riche de la ville. Profitez de cette visite personnalis\u00e9e de 4 heures pour r\u00e9v\u00e9ler les incontournables de la vieille ville de Buda et ceux de la m\u00e9tropole moderne de Pest.<\/p>\n<p><!--more--><\/p>\n<p>Pr\u00e9parez-vous pour une aventure \u00e0 travers l\u2019histoire, l\u2019architecture et la culture de Budapest! Cette visite vous plongera au c\u0153ur de deux villes historiques \u00e0 bord d\u2019un v\u00e9hicule priv\u00e9 tout confort: Buda et Pest. Je partagerai avec vous les secrets des 2000 ans de l&#8217;histoire de Budapest et des 1000 ans de l&#8217;histoire de la Hongrie. Je vous expliquerai en d\u00e9tail pourquoi Budapest est un magnifique m\u00e9lange de cultures, d&#8217;architectures et d&#8217;arts diff\u00e9rents. Profitez des meilleurs points de vue et de leurs panoramas depuis le sommet de la colline du Ch\u00e2teau de Buda et de la colline Gell\u00e9rt.<\/p>\n<p>Le point de d\u00e9part de cette activit\u00e9 est la monumentale <a href=\"https:\/\/lovefromhungary.com\/fr\/must-see-heroes-square-and-city-park\/\">place des H\u00e9ros<\/a>. Au cours de votre aventure, vous verrez certains des plus beaux palais de la belle avenue Andr\u00e1ssy, ce qu&#8217;on appelle tr\u00e8s souvent les Champs-\u00c9lys\u00e9es de Budapest. Nous nous prom\u00e8nerons ensuite dans le <a href=\"https:\/\/lovefromhungary.com\/fr\/must-see-city-park\/\">Bois de Ville<\/a> o\u00f9 se trouvent quelques favoris que vous ne voudrez pas manquer: les <a href=\"https:\/\/lovefromhungary.com\/fr\/mus-see-szechenyi-baths\/\">thermes Sz\u00e9chenyi<\/a> et le <a href=\"https:\/\/lovefromhungary.com\/fr\/must-see-vajdahunyad-castle-in-the-city-park\/\">ch\u00e2teau de Vajdahunyad<\/a>. L&#8217;<a href=\"https:\/\/lovefromhungary.com\/fr\/must-see-state-opera-house\/\">Op\u00e9ra d&#8217;\u00c9tat<\/a> et la <a href=\"https:\/\/lovefromhungary.com\/fr\/a-must-see-the-st-stephens-basilica\/\">Basilique St. \u00c9tienne<\/a> sont quelques-uns des lieux d\u2019int\u00e9r\u00eat incontournables que vous traverserez en chemin, vous donnant une occasion unique de profiter d\u2019un aper\u00e7u de ces sites touristiques pr\u00e9f\u00e9r\u00e9es pendant votre voyage.<\/p>\n<p>Nous traverserons le Danube sur l&#8217;un des ponts historiques de Budapest pour visiter le <a href=\"https:\/\/lovefromhungary.com\/fr\/re-post-a-walk-around-the-buda-castle-district\/\">quartier du Ch\u00e2teau de Buda<\/a> qui propose certaines des plus belles destinations touristiques locales: le Palais Royal avec ses jardins, l&#8217;<a href=\"https:\/\/lovefromhungary.com\/fr\/a-must-see-matthias-church\/\">\u00c9glise Mathias<\/a> et le <a href=\"https:\/\/lovefromhungary.com\/fr\/a-must-see-fishermans-bastion\/\">Bastion des P\u00eacheurs<\/a>.<\/p>\n<p>La visite se conclut sur le sommet de la <a href=\"https:\/\/lovefromhungary.com\/fr\/gellert-hill\/\">colline Gell\u00e9rt<\/a>, l&#8217;un des plus beaux points d&#8217;observation de la ville pour profiter de la vue panoramique magnifique class\u00e9e Patrimoine Mondial.<\/p>\n<div id=\"gallery_1\" class=\"gallery\">\n<div class=\"row gallery__items\">\n\t\t\t\t\t<div class=\"col-sm-4 gallery__item-wrap\" data-filterid=\"\">\n\t\t\t<a href=\"https:\/\/lovefromhungary.com\/wp-content\/uploads\/2016\/06\/Half_Day_Budapest_Private_Driving_Tour_01.jpg\" class=\"swipebox gallery__item\" title=\"Half_Day_Budapest_Private_Driving_Tour_01\">\n\t\t\t\t<img loading=\"lazy\" decoding=\"async\" width=\"720\" height=\"480\" src=\"https:\/\/lovefromhungary.com\/wp-content\/uploads\/2016\/06\/Half_Day_Budapest_Private_Driving_Tour_01-720x480.jpg\" class=\"attachment-thumb_gallery size-thumb_gallery\" alt=\"\" srcset=\"https:\/\/lovefromhungary.com\/wp-content\/uploads\/2016\/06\/Half_Day_Budapest_Private_Driving_Tour_01-720x480.jpg 720w, https:\/\/lovefromhungary.com\/wp-content\/uploads\/2016\/06\/Half_Day_Budapest_Private_Driving_Tour_01-531x354.jpg 531w, https:\/\/lovefromhungary.com\/wp-content\/uploads\/2016\/06\/Half_Day_Budapest_Private_Driving_Tour_01-180x120.jpg 180w\" sizes=\"auto, (max-width: 720px) 100vw, 720px\" \/>\t\t\t\t<span class=\"gallery__item__info\">\n\t\t\t\t\t<span class=\"gallery__item__info__content\">\n\t\t\t\t\t\t<span class=\"gallery__item__title\">Half_Day_Budapest_Private_Driving_Tour_01<\/span>\n\t\t\t\t\t\t\t\t\t\t<\/span>\n\t\t\t\t\t<span class=\"gallery__item__shadow\"><\/span>\n\t\t\t\t<\/span>\n\t\t\t<\/a>\n\t\t<\/div>\n\t\t\t\t\t<div class=\"col-sm-4 gallery__item-wrap\" data-filterid=\"\">\n\t\t\t<a href=\"https:\/\/lovefromhungary.com\/wp-content\/uploads\/2016\/06\/Half_Day_Budapest_Private_Driving_Tour_02-scaled.jpg\" class=\"swipebox gallery__item\" title=\"Half_Day_Budapest_Private_Driving_Tour_02\">\n\t\t\t\t<img loading=\"lazy\" decoding=\"async\" width=\"720\" height=\"480\" src=\"https:\/\/lovefromhungary.com\/wp-content\/uploads\/2016\/06\/Half_Day_Budapest_Private_Driving_Tour_02-scaled-720x480.jpg\" class=\"attachment-thumb_gallery size-thumb_gallery\" alt=\"\" srcset=\"https:\/\/lovefromhungary.com\/wp-content\/uploads\/2016\/06\/Half_Day_Budapest_Private_Driving_Tour_02-scaled-720x480.jpg 720w, https:\/\/lovefromhungary.com\/wp-content\/uploads\/2016\/06\/Half_Day_Budapest_Private_Driving_Tour_02-scaled-180x120.jpg 180w, https:\/\/lovefromhungary.com\/wp-content\/uploads\/2016\/06\/Half_Day_Budapest_Private_Driving_Tour_02-scaled-360x240.jpg 360w, https:\/\/lovefromhungary.com\/wp-content\/uploads\/2016\/06\/Half_Day_Budapest_Private_Driving_Tour_02-scaled-531x354.jpg 531w\" sizes=\"auto, (max-width: 720px) 100vw, 720px\" \/>\t\t\t\t<span class=\"gallery__item__info\">\n\t\t\t\t\t<span class=\"gallery__item__info__content\">\n\t\t\t\t\t\t<span class=\"gallery__item__title\">Half_Day_Budapest_Private_Driving_Tour_02<\/span>\n\t\t\t\t\t\t\t\t\t\t<\/span>\n\t\t\t\t\t<span class=\"gallery__item__shadow\"><\/span>\n\t\t\t\t<\/span>\n\t\t\t<\/a>\n\t\t<\/div>\n\t\t\t\t\t<div class=\"col-sm-4 gallery__item-wrap\" data-filterid=\"\">\n\t\t\t<a href=\"https:\/\/lovefromhungary.com\/wp-content\/uploads\/2016\/06\/Half_Day_Budapest_Private_Driving_Tour_03.jpg\" class=\"swipebox gallery__item\" title=\"Half_Day_Budapest_Private_Driving_Tour_03\">\n\t\t\t\t<img loading=\"lazy\" decoding=\"async\" width=\"720\" height=\"480\" src=\"https:\/\/lovefromhungary.com\/wp-content\/uploads\/2016\/06\/Half_Day_Budapest_Private_Driving_Tour_03-720x480.jpg\" class=\"attachment-thumb_gallery size-thumb_gallery\" alt=\"\" srcset=\"https:\/\/lovefromhungary.com\/wp-content\/uploads\/2016\/06\/Half_Day_Budapest_Private_Driving_Tour_03-720x480.jpg 720w, https:\/\/lovefromhungary.com\/wp-content\/uploads\/2016\/06\/Half_Day_Budapest_Private_Driving_Tour_03-531x354.jpg 531w, https:\/\/lovefromhungary.com\/wp-content\/uploads\/2016\/06\/Half_Day_Budapest_Private_Driving_Tour_03-180x120.jpg 180w\" sizes=\"auto, (max-width: 720px) 100vw, 720px\" \/>\t\t\t\t<span class=\"gallery__item__info\">\n\t\t\t\t\t<span class=\"gallery__item__info__content\">\n\t\t\t\t\t\t<span class=\"gallery__item__title\">Half_Day_Budapest_Private_Driving_Tour_03<\/span>\n\t\t\t\t\t\t\t\t\t\t<\/span>\n\t\t\t\t\t<span class=\"gallery__item__shadow\"><\/span>\n\t\t\t\t<\/span>\n\t\t\t<\/a>\n\t\t<\/div>\n\t\t\t\t\t<div class=\"col-sm-4 gallery__item-wrap\" data-filterid=\"\">\n\t\t\t<a href=\"https:\/\/lovefromhungary.com\/wp-content\/uploads\/2016\/06\/Half_Day_Budapest_Private_Driving_Tour_04-scaled.jpg\" class=\"swipebox gallery__item\" title=\"Half_Day_Budapest_Private_Driving_Tour_04\">\n\t\t\t\t<img loading=\"lazy\" decoding=\"async\" width=\"720\" height=\"480\" src=\"https:\/\/lovefromhungary.com\/wp-content\/uploads\/2016\/06\/Half_Day_Budapest_Private_Driving_Tour_04-scaled-720x480.jpg\" class=\"attachment-thumb_gallery size-thumb_gallery\" alt=\"\" srcset=\"https:\/\/lovefromhungary.com\/wp-content\/uploads\/2016\/06\/Half_Day_Budapest_Private_Driving_Tour_04-scaled-720x480.jpg 720w, https:\/\/lovefromhungary.com\/wp-content\/uploads\/2016\/06\/Half_Day_Budapest_Private_Driving_Tour_04-scaled-531x354.jpg 531w, https:\/\/lovefromhungary.com\/wp-content\/uploads\/2016\/06\/Half_Day_Budapest_Private_Driving_Tour_04-scaled-180x120.jpg 180w\" sizes=\"auto, (max-width: 720px) 100vw, 720px\" \/>\t\t\t\t<span class=\"gallery__item__info\">\n\t\t\t\t\t<span class=\"gallery__item__info__content\">\n\t\t\t\t\t\t<span class=\"gallery__item__title\">Half_Day_Budapest_Private_Driving_Tour_04<\/span>\n\t\t\t\t\t\t\t\t\t\t<\/span>\n\t\t\t\t\t<span class=\"gallery__item__shadow\"><\/span>\n\t\t\t\t<\/span>\n\t\t\t<\/a>\n\t\t<\/div>\n\t\t\t\t\t<div class=\"col-sm-4 gallery__item-wrap\" data-filterid=\"\">\n\t\t\t<a href=\"https:\/\/lovefromhungary.com\/wp-content\/uploads\/2016\/06\/Half_Day_Budapest_Private_Driving_Tour_05.jpg\" class=\"swipebox gallery__item\" title=\"Half_Day_Budapest_Private_Driving_Tour_05\">\n\t\t\t\t<img loading=\"lazy\" decoding=\"async\" width=\"720\" height=\"480\" src=\"https:\/\/lovefromhungary.com\/wp-content\/uploads\/2016\/06\/Half_Day_Budapest_Private_Driving_Tour_05-720x480.jpg\" class=\"attachment-thumb_gallery size-thumb_gallery\" alt=\"\" srcset=\"https:\/\/lovefromhungary.com\/wp-content\/uploads\/2016\/06\/Half_Day_Budapest_Private_Driving_Tour_05-720x480.jpg 720w, https:\/\/lovefromhungary.com\/wp-content\/uploads\/2016\/06\/Half_Day_Budapest_Private_Driving_Tour_05-531x354.jpg 531w, https:\/\/lovefromhungary.com\/wp-content\/uploads\/2016\/06\/Half_Day_Budapest_Private_Driving_Tour_05-180x120.jpg 180w\" sizes=\"auto, (max-width: 720px) 100vw, 720px\" \/>\t\t\t\t<span class=\"gallery__item__info\">\n\t\t\t\t\t<span class=\"gallery__item__info__content\">\n\t\t\t\t\t\t<span class=\"gallery__item__title\">Half_Day_Budapest_Private_Driving_Tour_05<\/span>\n\t\t\t\t\t\t\t\t\t\t<\/span>\n\t\t\t\t\t<span class=\"gallery__item__shadow\"><\/span>\n\t\t\t\t<\/span>\n\t\t\t<\/a>\n\t\t<\/div>\n\t\t\t\t\t<div class=\"col-sm-4 gallery__item-wrap\" data-filterid=\"\">\n\t\t\t<a href=\"https:\/\/lovefromhungary.com\/wp-content\/uploads\/2016\/06\/Half_Day_Budapest_Private_Driving_Tour_06-scaled.jpg\" class=\"swipebox gallery__item\" title=\"Half_Day_Budapest_Private_Driving_Tour_06\">\n\t\t\t\t<img loading=\"lazy\" decoding=\"async\" width=\"720\" height=\"480\" src=\"https:\/\/lovefromhungary.com\/wp-content\/uploads\/2016\/06\/Half_Day_Budapest_Private_Driving_Tour_06-scaled-720x480.jpg\" class=\"attachment-thumb_gallery size-thumb_gallery\" alt=\"\" srcset=\"https:\/\/lovefromhungary.com\/wp-content\/uploads\/2016\/06\/Half_Day_Budapest_Private_Driving_Tour_06-scaled-720x480.jpg 720w, https:\/\/lovefromhungary.com\/wp-content\/uploads\/2016\/06\/Half_Day_Budapest_Private_Driving_Tour_06-scaled-531x354.jpg 531w, https:\/\/lovefromhungary.com\/wp-content\/uploads\/2016\/06\/Half_Day_Budapest_Private_Driving_Tour_06-scaled-180x120.jpg 180w\" sizes=\"auto, (max-width: 720px) 100vw, 720px\" \/>\t\t\t\t<span class=\"gallery__item__info\">\n\t\t\t\t\t<span class=\"gallery__item__info__content\">\n\t\t\t\t\t\t<span class=\"gallery__item__title\">Half_Day_Budapest_Private_Driving_Tour_06<\/span>\n\t\t\t\t\t\t\t\t\t\t<\/span>\n\t\t\t\t\t<span class=\"gallery__item__shadow\"><\/span>\n\t\t\t\t<\/span>\n\t\t\t<\/a>\n\t\t<\/div>\n\t\t\t\t\t<div class=\"col-sm-4 gallery__item-wrap\" data-filterid=\"\">\n\t\t\t<a href=\"https:\/\/lovefromhungary.com\/wp-content\/uploads\/2016\/06\/Half_Day_Budapest_Private_Driving_Tour_07-scaled.jpg\" class=\"swipebox gallery__item\" title=\"Half_Day_Budapest_Private_Driving_Tour_07\">\n\t\t\t\t<img loading=\"lazy\" decoding=\"async\" width=\"720\" height=\"480\" src=\"https:\/\/lovefromhungary.com\/wp-content\/uploads\/2016\/06\/Half_Day_Budapest_Private_Driving_Tour_07-scaled-720x480.jpg\" class=\"attachment-thumb_gallery size-thumb_gallery\" alt=\"\" srcset=\"https:\/\/lovefromhungary.com\/wp-content\/uploads\/2016\/06\/Half_Day_Budapest_Private_Driving_Tour_07-scaled-720x480.jpg 720w, https:\/\/lovefromhungary.com\/wp-content\/uploads\/2016\/06\/Half_Day_Budapest_Private_Driving_Tour_07-scaled-531x354.jpg 531w, https:\/\/lovefromhungary.com\/wp-content\/uploads\/2016\/06\/Half_Day_Budapest_Private_Driving_Tour_07-scaled-180x120.jpg 180w\" sizes=\"auto, (max-width: 720px) 100vw, 720px\" \/>\t\t\t\t<span class=\"gallery__item__info\">\n\t\t\t\t\t<span class=\"gallery__item__info__content\">\n\t\t\t\t\t\t<span class=\"gallery__item__title\">Half_Day_Budapest_Private_Driving_Tour_07<\/span>\n\t\t\t\t\t\t\t\t\t\t<\/span>\n\t\t\t\t\t<span class=\"gallery__item__shadow\"><\/span>\n\t\t\t\t<\/span>\n\t\t\t<\/a>\n\t\t<\/div>\n\t\t\t\t\t<div class=\"col-sm-4 gallery__item-wrap\" data-filterid=\"\">\n\t\t\t<a href=\"https:\/\/lovefromhungary.com\/wp-content\/uploads\/2016\/06\/Half_Day_Budapest_Private_Driving_Tour_08-scaled.jpg\" class=\"swipebox gallery__item\" title=\"Half_Day_Budapest_Private_Driving_Tour_08\">\n\t\t\t\t<img loading=\"lazy\" decoding=\"async\" width=\"720\" height=\"480\" src=\"https:\/\/lovefromhungary.com\/wp-content\/uploads\/2016\/06\/Half_Day_Budapest_Private_Driving_Tour_08-scaled-720x480.jpg\" class=\"attachment-thumb_gallery size-thumb_gallery\" alt=\"\" srcset=\"https:\/\/lovefromhungary.com\/wp-content\/uploads\/2016\/06\/Half_Day_Budapest_Private_Driving_Tour_08-scaled-720x480.jpg 720w, https:\/\/lovefromhungary.com\/wp-content\/uploads\/2016\/06\/Half_Day_Budapest_Private_Driving_Tour_08-scaled-531x354.jpg 531w, https:\/\/lovefromhungary.com\/wp-content\/uploads\/2016\/06\/Half_Day_Budapest_Private_Driving_Tour_08-scaled-180x120.jpg 180w\" sizes=\"auto, (max-width: 720px) 100vw, 720px\" \/>\t\t\t\t<span class=\"gallery__item__info\">\n\t\t\t\t\t<span class=\"gallery__item__info__content\">\n\t\t\t\t\t\t<span class=\"gallery__item__title\">Half_Day_Budapest_Private_Driving_Tour_08<\/span>\n\t\t\t\t\t\t\t\t\t\t<\/span>\n\t\t\t\t\t<span class=\"gallery__item__shadow\"><\/span>\n\t\t\t\t<\/span>\n\t\t\t<\/a>\n\t\t<\/div>\n\t\t\t\t\t<div class=\"col-sm-4 gallery__item-wrap\" data-filterid=\"\">\n\t\t\t<a href=\"https:\/\/lovefromhungary.com\/wp-content\/uploads\/2016\/06\/Half_Day_Budapest_Private_Driving_Tour_09.jpg\" class=\"swipebox gallery__item\" title=\"Half_Day_Budapest_Private_Driving_Tour_09\">\n\t\t\t\t<img loading=\"lazy\" decoding=\"async\" width=\"720\" height=\"480\" src=\"https:\/\/lovefromhungary.com\/wp-content\/uploads\/2016\/06\/Half_Day_Budapest_Private_Driving_Tour_09-720x480.jpg\" class=\"attachment-thumb_gallery size-thumb_gallery\" alt=\"\" srcset=\"https:\/\/lovefromhungary.com\/wp-content\/uploads\/2016\/06\/Half_Day_Budapest_Private_Driving_Tour_09-720x480.jpg 720w, https:\/\/lovefromhungary.com\/wp-content\/uploads\/2016\/06\/Half_Day_Budapest_Private_Driving_Tour_09-531x354.jpg 531w, https:\/\/lovefromhungary.com\/wp-content\/uploads\/2016\/06\/Half_Day_Budapest_Private_Driving_Tour_09-180x120.jpg 180w\" sizes=\"auto, (max-width: 720px) 100vw, 720px\" \/>\t\t\t\t<span class=\"gallery__item__info\">\n\t\t\t\t\t<span class=\"gallery__item__info__content\">\n\t\t\t\t\t\t<span class=\"gallery__item__title\">Half_Day_Budapest_Private_Driving_Tour_09<\/span>\n\t\t\t\t\t\t\t\t\t\t<\/span>\n\t\t\t\t\t<span class=\"gallery__item__shadow\"><\/span>\n\t\t\t\t<\/span>\n\t\t\t<\/a>\n\t\t<\/div>\n\t<\/div>\n<\/div>\n<table class=\"table table-bordered tours-tabs__table\" style=\"height: 365px; width: 856px;\">\n<tbody>\n<tr>\n<td style=\"width: 307px;\"><strong>D\u00c9PART\/RETOUR<\/strong><\/td>\n<td style=\"width: 533px;\">Rendez-vous \u00e0 l\u2019h\u00f4tel (situ\u00e9 dans le centre-ville)<\/td>\n<\/tr>\n<tr>\n<td style=\"width: 307px;\"><strong>COMPRIS<\/strong><\/td>\n<td style=\"width: 533px;\"><i class=\"fa fa-check icon-tick icon-tick--on\"><\/i>Explications en fran\u00e7ais\n<p><i class=\"fa fa-check icon-tick icon-tick--on\"><\/i>Transport en\u00a0voiture ou minibus<\/p><\/td>\n<\/tr>\n<tr>\n<td style=\"width: 307px;\"><b>NON\u00a0<strong>COMPRIS<\/strong><\/b><\/td>\n<td style=\"width: 533px;\"><i class=\"fa fa-times icon-tick icon-tick--off\"><\/i>Frais d\u2019entr\u00e9e\n<p><i class=\"fa fa-times icon-tick icon-tick--off\"><\/i>Repas et boissons<\/p><\/td>\n<\/tr>\n<\/tbody>\n<\/table>\n<p>Tous les tours ci-dessus sont des visites priv\u00e9es seulement pour vous et pour votre famille ou vos amis. Les prix sont pour un groupe de maximum de 4 personnes. <a href=\"https:\/\/lovefromhungary.com\/fr\/contact-me\/\" target=\"_blank\" rel=\"noopener noreferrer\">Faites-moi savoir<\/a> si vous voulez adapter la visite pour plusieurs personnes.<\/p>\n<p>Voulez-vous s\u2019il vous pla\u00eet\u00a0<a href=\"https:\/\/lovefromhungary.com\/fr\/contact-me\/\" target=\"_blank\" rel=\"noopener noreferrer\">me contacter<\/a> si vous avez\u00a0des probl\u00e8mes avec votre r\u00e9servation.<\/p>\n","protected":false},"excerpt":{"rendered":"<p>La visite priv\u00e9e de Budapest avec votre guide et avec votre chauffeur priv\u00e9s vous permettra de d\u00e9couvrir dans les meilleures conditions, le patrimoine incroyablement riche de la ville. Profitez de cette visite personnalis\u00e9e de 4 heures pour r\u00e9v\u00e9ler les incontournables de la vieille ville de Buda et ceux de la m\u00e9tropole moderne de Pest.<\/p>\n","protected":false},"featured_media":4994,"comment_status":"open","ping_status":"closed","template":"","meta":[],"product_cat":[539],"product_tag":[],"class_list":["post-8529","product","type-product","status-publish","has-post-thumbnail","hentry","product_cat-uncategorized-fr","tour_category-visites-de-budapest-en-voiture-visites-guidees"],"yoast_head":"<!-- This site is optimized with the Yoast SEO plugin v19.7.1 - https:\/\/yoast.com\/wordpress\/plugins\/seo\/ -->\n<title>Visite priv\u00e9e Budapest en voiture - demi-journ\u00e9e - Julia Kravianszky<\/title>\n<meta name=\"description\" content=\"La visite priv\u00e9e de Budapest vous permettra de d\u00e9couvrir dans les meilleures conditions, le patrimoine incroyablement riche de la ville.\" \/>\n<meta name=\"robots\" content=\"index, follow, max-snippet:-1, max-image-preview:large, max-video-preview:-1\" \/>\n<link rel=\"canonical\" href=\"https:\/\/lovefromhungary.com\/fr\/tours\/visite-privee-budapest-voiture-demi-journee\/\" \/>\n<meta property=\"og:locale\" content=\"fr_FR\" \/>\n<meta property=\"og:type\" content=\"article\" \/>\n<meta property=\"og:title\" content=\"Visite priv\u00e9e Budapest en voiture - demi-journ\u00e9e - Julia Kravianszky\" \/>\n<meta property=\"og:description\" content=\"La visite priv\u00e9e de Budapest vous permettra de d\u00e9couvrir dans les meilleures conditions, le patrimoine incroyablement riche de la ville.\" \/>\n<meta property=\"og:url\" content=\"https:\/\/lovefromhungary.com\/fr\/tours\/visite-privee-budapest-voiture-demi-journee\/\" \/>\n<meta property=\"og:site_name\" content=\"Julia Kravianszky, Private Tour Guide in Budapest, Hungary\" \/>\n<meta property=\"article:modified_time\" content=\"2025-01-23T08:17:30+00:00\" \/>\n<meta property=\"og:image\" content=\"https:\/\/lovefromhungary.com\/wp-content\/uploads\/2016\/06\/Half_Day_Budapest_Private_Driving_Tour_02-scaled.jpg\" \/>\n\t<meta property=\"og:image:width\" content=\"2560\" \/>\n\t<meta property=\"og:image:height\" content=\"1920\" \/>\n\t<meta property=\"og:image:type\" content=\"image\/jpeg\" \/>\n<meta name=\"twitter:card\" content=\"summary\" \/>\n<meta name=\"twitter:label1\" content=\"Est. reading time\" \/>\n\t<meta name=\"twitter:data1\" content=\"2 minutes\" \/>\n<script type=\"application\/ld+json\" class=\"yoast-schema-graph\">{\"@context\":\"https:\/\/schema.org\",\"@graph\":[{\"@type\":[\"WebPage\",\"ItemPage\"],\"@id\":\"https:\/\/lovefromhungary.com\/fr\/tours\/visite-privee-budapest-voiture-demi-journee\/\",\"url\":\"https:\/\/lovefromhungary.com\/fr\/tours\/visite-privee-budapest-voiture-demi-journee\/\",\"name\":\"Visite priv\u00e9e Budapest en voiture - demi-journ\u00e9e - Julia Kravianszky\",\"isPartOf\":{\"@id\":\"https:\/\/lovefromhungary.com\/fr\/#website\"},\"datePublished\":\"2016-06-05T15:13:17+00:00\",\"dateModified\":\"2025-01-23T08:17:30+00:00\",\"description\":\"La visite priv\u00e9e de Budapest vous permettra de d\u00e9couvrir dans les meilleures conditions, le patrimoine incroyablement riche de la ville.\",\"breadcrumb\":{\"@id\":\"https:\/\/lovefromhungary.com\/fr\/tours\/visite-privee-budapest-voiture-demi-journee\/#breadcrumb\"},\"inLanguage\":\"fr-FR\",\"potentialAction\":[{\"@type\":\"ReadAction\",\"target\":[\"https:\/\/lovefromhungary.com\/fr\/tours\/visite-privee-budapest-voiture-demi-journee\/\"]}]},{\"@type\":\"BreadcrumbList\",\"@id\":\"https:\/\/lovefromhungary.com\/fr\/tours\/visite-privee-budapest-voiture-demi-journee\/#breadcrumb\",\"itemListElement\":[{\"@type\":\"ListItem\",\"position\":1,\"name\":\"Home\",\"item\":\"https:\/\/lovefromhungary.com\/fr\/\"},{\"@type\":\"ListItem\",\"position\":2,\"name\":\"Shop\",\"item\":\"https:\/\/lovefromhungary.com\/shop\/\"},{\"@type\":\"ListItem\",\"position\":3,\"name\":\"VISITE DE BUDAPEST EN VOITURE &#8211; DEMI JOURN\u00c9E\"}]},{\"@type\":\"WebSite\",\"@id\":\"https:\/\/lovefromhungary.com\/fr\/#website\",\"url\":\"https:\/\/lovefromhungary.com\/fr\/\",\"name\":\"Julia Kravianszky, Private Tour Guide in Budapest, Hungary\",\"description\":\"Personalized tours in the magnificent town of Budapest and the Hungarian countryside\",\"potentialAction\":[{\"@type\":\"SearchAction\",\"target\":{\"@type\":\"EntryPoint\",\"urlTemplate\":\"https:\/\/lovefromhungary.com\/fr\/?s={search_term_string}\"},\"query-input\":\"required name=search_term_string\"}],\"inLanguage\":\"fr-FR\"}]}<\/script>\n<!-- \/ Yoast SEO plugin. -->","yoast_head_json":{"title":"Visite priv\u00e9e Budapest en voiture - demi-journ\u00e9e - Julia Kravianszky","description":"La visite priv\u00e9e de Budapest vous permettra de d\u00e9couvrir dans les meilleures conditions, le patrimoine incroyablement riche de la ville.","robots":{"index":"index","follow":"follow","max-snippet":"max-snippet:-1","max-image-preview":"max-image-preview:large","max-video-preview":"max-video-preview:-1"},"canonical":"https:\/\/lovefromhungary.com\/fr\/tours\/visite-privee-budapest-voiture-demi-journee\/","og_locale":"fr_FR","og_type":"article","og_title":"Visite priv\u00e9e Budapest en voiture - demi-journ\u00e9e - Julia Kravianszky","og_description":"La visite priv\u00e9e de Budapest vous permettra de d\u00e9couvrir dans les meilleures conditions, le patrimoine incroyablement riche de la ville.","og_url":"https:\/\/lovefromhungary.com\/fr\/tours\/visite-privee-budapest-voiture-demi-journee\/","og_site_name":"Julia Kravianszky, Private Tour Guide in Budapest, Hungary","article_modified_time":"2025-01-23T08:17:30+00:00","og_image":[{"width":2560,"height":1920,"url":"https:\/\/lovefromhungary.com\/wp-content\/uploads\/2016\/06\/Half_Day_Budapest_Private_Driving_Tour_02-scaled.jpg","type":"image\/jpeg"}],"twitter_card":"summary","twitter_misc":{"Est. reading time":"2 minutes"},"schema":{"@context":"https:\/\/schema.org","@graph":[{"@type":["WebPage","ItemPage"],"@id":"https:\/\/lovefromhungary.com\/fr\/tours\/visite-privee-budapest-voiture-demi-journee\/","url":"https:\/\/lovefromhungary.com\/fr\/tours\/visite-privee-budapest-voiture-demi-journee\/","name":"Visite priv\u00e9e Budapest en voiture - demi-journ\u00e9e - Julia Kravianszky","isPartOf":{"@id":"https:\/\/lovefromhungary.com\/fr\/#website"},"datePublished":"2016-06-05T15:13:17+00:00","dateModified":"2025-01-23T08:17:30+00:00","description":"La visite priv\u00e9e de Budapest vous permettra de d\u00e9couvrir dans les meilleures conditions, le patrimoine incroyablement riche de la ville.","breadcrumb":{"@id":"https:\/\/lovefromhungary.com\/fr\/tours\/visite-privee-budapest-voiture-demi-journee\/#breadcrumb"},"inLanguage":"fr-FR","potentialAction":[{"@type":"ReadAction","target":["https:\/\/lovefromhungary.com\/fr\/tours\/visite-privee-budapest-voiture-demi-journee\/"]}]},{"@type":"BreadcrumbList","@id":"https:\/\/lovefromhungary.com\/fr\/tours\/visite-privee-budapest-voiture-demi-journee\/#breadcrumb","itemListElement":[{"@type":"ListItem","position":1,"name":"Home","item":"https:\/\/lovefromhungary.com\/fr\/"},{"@type":"ListItem","position":2,"name":"Shop","item":"https:\/\/lovefromhungary.com\/shop\/"},{"@type":"ListItem","position":3,"name":"VISITE DE BUDAPEST EN VOITURE &#8211; DEMI JOURN\u00c9E"}]},{"@type":"WebSite","@id":"https:\/\/lovefromhungary.com\/fr\/#website","url":"https:\/\/lovefromhungary.com\/fr\/","name":"Julia Kravianszky, Private Tour Guide in Budapest, Hungary","description":"Personalized tours in the magnificent town of Budapest and the Hungarian countryside","potentialAction":[{"@type":"SearchAction","target":{"@type":"EntryPoint","urlTemplate":"https:\/\/lovefromhungary.com\/fr\/?s={search_term_string}"},"query-input":"required name=search_term_string"}],"inLanguage":"fr-FR"}]}},"_links":{"self":[{"href":"https:\/\/lovefromhungary.com\/fr\/wp-json\/wp\/v2\/product\/8529","targetHints":{"allow":["GET"]}}],"collection":[{"href":"https:\/\/lovefromhungary.com\/fr\/wp-json\/wp\/v2\/product"}],"about":[{"href":"https:\/\/lovefromhungary.com\/fr\/wp-json\/wp\/v2\/types\/product"}],"replies":[{"embeddable":true,"href":"https:\/\/lovefromhungary.com\/fr\/wp-json\/wp\/v2\/comments?post=8529"}],"wp:featuredmedia":[{"embeddable":true,"href":"https:\/\/lovefromhungary.com\/fr\/wp-json\/wp\/v2\/media\/4994"}],"wp:attachment":[{"href":"https:\/\/lovefromhungary.com\/fr\/wp-json\/wp\/v2\/media?parent=8529"}],"wp:term":[{"taxonomy":"product_cat","embeddable":true,"href":"https:\/\/lovefromhungary.com\/fr\/wp-json\/wp\/v2\/product_cat?post=8529"},{"taxonomy":"product_tag","embeddable":true,"href":"https:\/\/lovefromhungary.com\/fr\/wp-json\/wp\/v2\/product_tag?post=8529"}],"curies":[{"name":"wp","href":"https:\/\/api.w.org\/{rel}","templated":true}]}}