{"id":5986,"date":"2016-07-11T07:13:18","date_gmt":"2016-07-11T07:13:18","guid":{"rendered":"https:\/\/lovefromhungary.com\/fr\/product\/budapest-art-nouveau-walk\/"},"modified":"2025-05-30T04:22:29","modified_gmt":"2025-05-30T04:22:29","slug":"promenade-art-nouveau-budapest-visite-guidee-privee","status":"publish","type":"product","link":"https:\/\/lovefromhungary.com\/fr\/tours\/promenade-art-nouveau-budapest-visite-guidee-privee\/","title":{"rendered":"PROMENADE ART NOUVEAU BUDAPEST"},"content":{"rendered":"<p>La fin du 19\u00e8me si\u00e8cle a \u00e9t\u00e9 influenc\u00e9e par l&#8217;Art Nouveau et les architectes hongrois ont d\u00e9cid\u00e9 non seulement de cr\u00e9er quelque chose de vivant et proche de la nature, mais aussi quelque chose d&#8217;une couleur nationale. <span class=\"JLqJ4b ChMk0b\" data-language-for-alternatives=\"fr\" data-language-to-translate-into=\"en\" data-phrase-index=\"1\">Cela rend l&#8217;architecture Art Nouveau de Budapest si unique et color\u00e9e.\u00a0<\/span>Lors de cette balade vous d\u00e9couvrirez <span style=\"font-weight: 400;\">le triomphe de la courbe, de l\u2019asym\u00e9trie, de la polychromie et<\/span><span style=\"font-weight: 400;\">\u00a0des motifs floraux et animaux dans l\u2019architecture de Budapest.<\/span><br \/>\n<!--more--><\/p>\n<p>L&#8217;architecture de Buda et Pest a toujours \u00e9t\u00e9 extr\u00eamement diversifi\u00e9e, mais malheureusement la plupart de nos b\u00e2timents ont \u00e9t\u00e9 d\u00e9truits au cours des si\u00e8cles de notre histoire mouvement\u00e9e. Heureusement, au tournant des 19e et 20e si\u00e8cles, toutes les conditions obligatoires \u00e9taient r\u00e9unies pour la naissance d&#8217;une nouvelle architecture de classe mondiale. Il y avait de l&#8217;argent, une demande progressive de constructions publiques et priv\u00e9es et bien s\u00fbr de la main-d&#8217;\u0153uvre, de grands et talentueux architectes et artistes.<\/p>\n<p>La ville est soudainement devenue remplie de milliers de b\u00e2timents nouvellement \u00e9rig\u00e9s. Un tel boom de la construction \u00e9tait sans pr\u00e9c\u00e9dent et l\u2019architecture Art Nouveau de ces b\u00e2timents est toujours dominante des styles urbains budapestois.<\/p>\n<p>L&#8217;Art Nouveau \u00e9tait une transition importante entre les styles de renouveau historique du 19e si\u00e8cle et le modernisme,\u00a0qui dura seulement une dizaine d\u2019ann\u00e9e. L&#8217;Art Nouveau \u00e9tait une d\u00e9termination \u00e0 surpasser l&#8217;historicisme qui dominait une grande partie de l&#8217;art et du design hongrois du 19e si\u00e8cle. C\u2019est un style artistique total qui comprend l\u2019architecture, le design d\u2019int\u00e9rieur, les arts graphiques et les arts d\u00e9coratifs aussi.<\/p>\n<p>Nous verrons quelques dizaines de b\u00e2timents, tous du style Art nouveau, tous splendides avec des caract\u00e9ristiques uniques, probablement les exemples les plus \u00e9tonnants de l&#8217;architecture Art Nouveau hongroise. Je vais vous faire visiter le centre-ville afin de d\u00e9couvrir des petites boutiques uniques, y compris la seule fleuriste Art Nouveau du monde. Nous verrons le luxueux Palais Gresham et le quartier de la place de la Libert\u00e9, un v\u00e9ritable tr\u00e9sor d&#8217;Art Nouveau. Ensuite je vous emm\u00e8nerai au premier grand magasin de Budapest et nous verrons d&#8217;autres b\u00e2timents magnifiques tout au long de l&#8217;avenue Andr\u00e1ssy.<\/p>\n<p>Ensuite je vous pr\u00e9senterai les b\u00e2timents Art Nouveau du quartier juif. Au cours de la balade vous admirerez l&#8217;\u00e9l\u00e9gance et le symbolisme de l&#8217;Art Nouveau de Budapest, vous comprendrez pourquoi il est devenu l&#8217;un des styles les plus marquants de l&#8217;architecture de la ville.<\/p>\n<p>&nbsp;<\/p>\n<div id=\"gallery_1\" class=\"gallery\">\n<div class=\"row gallery__items\">\n\t\t\t\t\t<div class=\"col-sm-4 gallery__item-wrap\" data-filterid=\"\">\n\t\t\t<a href=\"https:\/\/lovefromhungary.com\/wp-content\/uploads\/2016\/07\/Private_budapest_Art_Nouveau_Walking_Tour_01-scaled.jpg\" class=\"swipebox gallery__item\" title=\"Private_budapest_Art_Nouveau_Walking_Tour_01\">\n\t\t\t\t<img loading=\"lazy\" decoding=\"async\" width=\"720\" height=\"480\" src=\"https:\/\/lovefromhungary.com\/wp-content\/uploads\/2016\/07\/Private_budapest_Art_Nouveau_Walking_Tour_01-scaled-720x480.jpg\" class=\"attachment-thumb_gallery size-thumb_gallery\" alt=\"\" srcset=\"https:\/\/lovefromhungary.com\/wp-content\/uploads\/2016\/07\/Private_budapest_Art_Nouveau_Walking_Tour_01-scaled-720x480.jpg 720w, https:\/\/lovefromhungary.com\/wp-content\/uploads\/2016\/07\/Private_budapest_Art_Nouveau_Walking_Tour_01-scaled-531x354.jpg 531w, https:\/\/lovefromhungary.com\/wp-content\/uploads\/2016\/07\/Private_budapest_Art_Nouveau_Walking_Tour_01-scaled-180x120.jpg 180w\" sizes=\"auto, (max-width: 720px) 100vw, 720px\" \/>\t\t\t\t<span class=\"gallery__item__info\">\n\t\t\t\t\t<span class=\"gallery__item__info__content\">\n\t\t\t\t\t\t<span class=\"gallery__item__title\">Private_budapest_Art_Nouveau_Walking_Tour_01<\/span>\n\t\t\t\t\t\t\t\t\t\t<\/span>\n\t\t\t\t\t<span class=\"gallery__item__shadow\"><\/span>\n\t\t\t\t<\/span>\n\t\t\t<\/a>\n\t\t<\/div>\n\t\t\t\t\t<div class=\"col-sm-4 gallery__item-wrap\" data-filterid=\"\">\n\t\t\t<a href=\"https:\/\/lovefromhungary.com\/wp-content\/uploads\/2016\/07\/Private_budapest_Art_Nouveau_Walking_Tour_09.jpg\" class=\"swipebox gallery__item\" title=\"Private_budapest_Art_Nouveau_Walking_Tour_09\">\n\t\t\t\t<img loading=\"lazy\" decoding=\"async\" width=\"720\" height=\"480\" src=\"https:\/\/lovefromhungary.com\/wp-content\/uploads\/2016\/07\/Private_budapest_Art_Nouveau_Walking_Tour_09-720x480.jpg\" class=\"attachment-thumb_gallery size-thumb_gallery\" alt=\"\" srcset=\"https:\/\/lovefromhungary.com\/wp-content\/uploads\/2016\/07\/Private_budapest_Art_Nouveau_Walking_Tour_09-720x480.jpg 720w, https:\/\/lovefromhungary.com\/wp-content\/uploads\/2016\/07\/Private_budapest_Art_Nouveau_Walking_Tour_09-531x354.jpg 531w, https:\/\/lovefromhungary.com\/wp-content\/uploads\/2016\/07\/Private_budapest_Art_Nouveau_Walking_Tour_09-180x120.jpg 180w\" sizes=\"auto, (max-width: 720px) 100vw, 720px\" \/>\t\t\t\t<span class=\"gallery__item__info\">\n\t\t\t\t\t<span class=\"gallery__item__info__content\">\n\t\t\t\t\t\t<span class=\"gallery__item__title\">Private_budapest_Art_Nouveau_Walking_Tour_09<\/span>\n\t\t\t\t\t\t\t\t\t\t<\/span>\n\t\t\t\t\t<span class=\"gallery__item__shadow\"><\/span>\n\t\t\t\t<\/span>\n\t\t\t<\/a>\n\t\t<\/div>\n\t\t\t\t\t<div class=\"col-sm-4 gallery__item-wrap\" data-filterid=\"\">\n\t\t\t<a href=\"https:\/\/lovefromhungary.com\/wp-content\/uploads\/2016\/07\/Private_budapest_Art_Nouveau_Walking_Tour_07.jpg\" class=\"swipebox gallery__item\" title=\"Private_budapest_Art_Nouveau_Walking_Tour_07\">\n\t\t\t\t<img loading=\"lazy\" decoding=\"async\" width=\"720\" height=\"480\" src=\"https:\/\/lovefromhungary.com\/wp-content\/uploads\/2016\/07\/Private_budapest_Art_Nouveau_Walking_Tour_07-720x480.jpg\" class=\"attachment-thumb_gallery size-thumb_gallery\" alt=\"\" srcset=\"https:\/\/lovefromhungary.com\/wp-content\/uploads\/2016\/07\/Private_budapest_Art_Nouveau_Walking_Tour_07-720x480.jpg 720w, https:\/\/lovefromhungary.com\/wp-content\/uploads\/2016\/07\/Private_budapest_Art_Nouveau_Walking_Tour_07-531x354.jpg 531w, https:\/\/lovefromhungary.com\/wp-content\/uploads\/2016\/07\/Private_budapest_Art_Nouveau_Walking_Tour_07-180x120.jpg 180w\" sizes=\"auto, (max-width: 720px) 100vw, 720px\" \/>\t\t\t\t<span class=\"gallery__item__info\">\n\t\t\t\t\t<span class=\"gallery__item__info__content\">\n\t\t\t\t\t\t<span class=\"gallery__item__title\">Private_budapest_Art_Nouveau_Walking_Tour_07<\/span>\n\t\t\t\t\t\t\t\t\t\t<\/span>\n\t\t\t\t\t<span class=\"gallery__item__shadow\"><\/span>\n\t\t\t\t<\/span>\n\t\t\t<\/a>\n\t\t<\/div>\n\t\t\t\t\t<div class=\"col-sm-4 gallery__item-wrap\" data-filterid=\"\">\n\t\t\t<a href=\"https:\/\/lovefromhungary.com\/wp-content\/uploads\/2016\/07\/Private_budapest_Art_Nouveau_Walking_Tour_06.jpg\" class=\"swipebox gallery__item\" title=\"Private_budapest_Art_Nouveau_Walking_Tour_06\">\n\t\t\t\t<img loading=\"lazy\" decoding=\"async\" width=\"720\" height=\"480\" src=\"https:\/\/lovefromhungary.com\/wp-content\/uploads\/2016\/07\/Private_budapest_Art_Nouveau_Walking_Tour_06-720x480.jpg\" class=\"attachment-thumb_gallery size-thumb_gallery\" alt=\"\" srcset=\"https:\/\/lovefromhungary.com\/wp-content\/uploads\/2016\/07\/Private_budapest_Art_Nouveau_Walking_Tour_06-720x480.jpg 720w, https:\/\/lovefromhungary.com\/wp-content\/uploads\/2016\/07\/Private_budapest_Art_Nouveau_Walking_Tour_06-180x120.jpg 180w, https:\/\/lovefromhungary.com\/wp-content\/uploads\/2016\/07\/Private_budapest_Art_Nouveau_Walking_Tour_06-360x240.jpg 360w, https:\/\/lovefromhungary.com\/wp-content\/uploads\/2016\/07\/Private_budapest_Art_Nouveau_Walking_Tour_06-531x354.jpg 531w\" sizes=\"auto, (max-width: 720px) 100vw, 720px\" \/>\t\t\t\t<span class=\"gallery__item__info\">\n\t\t\t\t\t<span class=\"gallery__item__info__content\">\n\t\t\t\t\t\t<span class=\"gallery__item__title\">Private_budapest_Art_Nouveau_Walking_Tour_06<\/span>\n\t\t\t\t\t\t\t\t\t\t<\/span>\n\t\t\t\t\t<span class=\"gallery__item__shadow\"><\/span>\n\t\t\t\t<\/span>\n\t\t\t<\/a>\n\t\t<\/div>\n\t\t\t\t\t<div class=\"col-sm-4 gallery__item-wrap\" data-filterid=\"\">\n\t\t\t<a href=\"https:\/\/lovefromhungary.com\/wp-content\/uploads\/2016\/07\/Private_budapest_Art_Nouveau_Walking_Tour_05-scaled.jpg\" class=\"swipebox gallery__item\" title=\"Private_budapest_Art_Nouveau_Walking_Tour_05\">\n\t\t\t\t<img loading=\"lazy\" decoding=\"async\" width=\"720\" height=\"480\" src=\"https:\/\/lovefromhungary.com\/wp-content\/uploads\/2016\/07\/Private_budapest_Art_Nouveau_Walking_Tour_05-scaled-720x480.jpg\" class=\"attachment-thumb_gallery size-thumb_gallery\" alt=\"\" srcset=\"https:\/\/lovefromhungary.com\/wp-content\/uploads\/2016\/07\/Private_budapest_Art_Nouveau_Walking_Tour_05-scaled-720x480.jpg 720w, https:\/\/lovefromhungary.com\/wp-content\/uploads\/2016\/07\/Private_budapest_Art_Nouveau_Walking_Tour_05-scaled-531x354.jpg 531w, https:\/\/lovefromhungary.com\/wp-content\/uploads\/2016\/07\/Private_budapest_Art_Nouveau_Walking_Tour_05-scaled-180x120.jpg 180w\" sizes=\"auto, (max-width: 720px) 100vw, 720px\" \/>\t\t\t\t<span class=\"gallery__item__info\">\n\t\t\t\t\t<span class=\"gallery__item__info__content\">\n\t\t\t\t\t\t<span class=\"gallery__item__title\">Private_budapest_Art_Nouveau_Walking_Tour_05<\/span>\n\t\t\t\t\t\t\t\t\t\t<\/span>\n\t\t\t\t\t<span class=\"gallery__item__shadow\"><\/span>\n\t\t\t\t<\/span>\n\t\t\t<\/a>\n\t\t<\/div>\n\t\t\t\t\t<div class=\"col-sm-4 gallery__item-wrap\" data-filterid=\"\">\n\t\t\t<a href=\"https:\/\/lovefromhungary.com\/wp-content\/uploads\/2016\/07\/Private_budapest_Art_Nouveau_Walking_Tour_03.jpg\" class=\"swipebox gallery__item\" title=\"Private_budapest_Art_Nouveau_Walking_Tour_03\">\n\t\t\t\t<img loading=\"lazy\" decoding=\"async\" width=\"720\" height=\"480\" src=\"https:\/\/lovefromhungary.com\/wp-content\/uploads\/2016\/07\/Private_budapest_Art_Nouveau_Walking_Tour_03-720x480.jpg\" class=\"attachment-thumb_gallery size-thumb_gallery\" alt=\"\" srcset=\"https:\/\/lovefromhungary.com\/wp-content\/uploads\/2016\/07\/Private_budapest_Art_Nouveau_Walking_Tour_03-720x480.jpg 720w, https:\/\/lovefromhungary.com\/wp-content\/uploads\/2016\/07\/Private_budapest_Art_Nouveau_Walking_Tour_03-531x354.jpg 531w, https:\/\/lovefromhungary.com\/wp-content\/uploads\/2016\/07\/Private_budapest_Art_Nouveau_Walking_Tour_03-180x120.jpg 180w\" sizes=\"auto, (max-width: 720px) 100vw, 720px\" \/>\t\t\t\t<span class=\"gallery__item__info\">\n\t\t\t\t\t<span class=\"gallery__item__info__content\">\n\t\t\t\t\t\t<span class=\"gallery__item__title\">Private_budapest_Art_Nouveau_Walking_Tour_03<\/span>\n\t\t\t\t\t\t\t\t\t\t<\/span>\n\t\t\t\t\t<span class=\"gallery__item__shadow\"><\/span>\n\t\t\t\t<\/span>\n\t\t\t<\/a>\n\t\t<\/div>\n\t<\/div>\n<\/div>\n<table class=\"table table-bordered tours-tabs__table\" style=\"height: 341px; width: 95.20462178738318%;\">\n<tbody>\n<tr style=\"height: 27px;\">\n<td style=\"width: 307px; height: 27px;\"><strong>D\u00c9PART<\/strong><\/td>\n<td style=\"width: 533px; height: 27px;\">Rendez-vous\u00a0\u00e0 l\u2019h\u00f4tel<\/td>\n<\/tr>\n<tr style=\"height: 139px;\">\n<td style=\"width: 307px; height: 139px;\"><strong>COMPRIS<\/strong><\/td>\n<td style=\"width: 533px; height: 139px;\"><i class=\"fa fa-check icon-tick icon-tick--on\"><\/i>Explications en fran\u00e7ais<\/td>\n<\/tr>\n<tr style=\"height: 175px;\">\n<td style=\"width: 307px; height: 175px;\"><b>NON COMPRIS<\/b><\/td>\n<td style=\"width: 533px; height: 175px;\"><i class=\"fa fa-times icon-tick icon-tick--off\"><\/i>Frais d\u2019entr\u00e9e\n<p><i class=\"fa fa-times icon-tick icon-tick--off\"><\/i>Transport en commun<\/p><\/td>\n<\/tr>\n<\/tbody>\n<\/table>\n<p>Tous les tours ci-dessus sont des visites priv\u00e9es seulement pour vous et pour votre famille ou vos amis.\u00a0Les prix sont pour un groupe de maximum de 4 personnes. <a href=\"https:\/\/lovefromhungary.com\/fr\/contact-me\/\">Faites-moi savoir<\/a> si vous voulez adapter la visite pour plusieurs personnes.<\/p>\n<p>Voulez-vous s\u2019il vous pla\u00eet\u00a0<a href=\"https:\/\/lovefromhungary.com\/fr\/contact-me\/\">me contacter<\/a> si vous avez\u00a0des probl\u00e8mes avec votre r\u00e9servation.<\/p>\n","protected":false},"excerpt":{"rendered":"<p>La fin du 19\u00e8me si\u00e8cle a \u00e9t\u00e9 influenc\u00e9e par l&#8217;Art Nouveau et les architectes hongrois ont d\u00e9cid\u00e9 non seulement de cr\u00e9er quelque chose de vivant et proche de la nature, mais aussi quelque chose d&#8217;une couleur nationale. Cela rend l&#8217;architecture Art Nouveau de Budapest si unique et color\u00e9e.\u00a0Lors de cette balade vous d\u00e9couvrirez le triomphe<\/p>\n<div class=\"padding-top text-center\"><a href=\"https:\/\/lovefromhungary.com\/fr\/tours\/promenade-art-nouveau-budapest-visite-guidee-privee\/\" class=\"atbtn atbtn--medium atbtn--rounded atbtn--transparent\">Read more<i class=\"atbtn__icon atbtn__icon--right fa fa-long-arrow-right\"><\/i><\/a><\/div>\n","protected":false},"featured_media":7351,"comment_status":"open","ping_status":"closed","template":"","meta":[],"product_cat":[],"product_tag":[],"class_list":["post-5986","product","type-product","status-publish","has-post-thumbnail","hentry","tour_category-promenades-budapest-visite-guidee","tour_category-promenades-thematiques-budapest-visites-guidees"],"yoast_head":"<!-- This site is optimized with the Yoast SEO plugin v19.7.1 - https:\/\/yoast.com\/wordpress\/plugins\/seo\/ -->\n<title>Promenade Art Nouveau Budapest - Julia Kravianszky Guide Touristique<\/title>\n<meta name=\"description\" content=\"Lors de la Promenade Art Nouveau Budapest vous d\u00e9couvrirez le triomphe de la courbe, de l\u2019asym\u00e9trie, de la polychromie et\u00a0des motifs floraux.\" \/>\n<meta name=\"robots\" content=\"index, follow, max-snippet:-1, max-image-preview:large, max-video-preview:-1\" \/>\n<link rel=\"canonical\" href=\"https:\/\/lovefromhungary.com\/fr\/tours\/promenade-art-nouveau-budapest-visite-guidee-privee\/\" \/>\n<meta property=\"og:locale\" content=\"fr_FR\" \/>\n<meta property=\"og:type\" content=\"article\" \/>\n<meta property=\"og:title\" content=\"Promenade Art Nouveau Budapest - Julia Kravianszky Guide Touristique\" \/>\n<meta property=\"og:description\" content=\"Lors de la Promenade Art Nouveau Budapest vous d\u00e9couvrirez le triomphe de la courbe, de l\u2019asym\u00e9trie, de la polychromie et\u00a0des motifs floraux.\" \/>\n<meta property=\"og:url\" content=\"https:\/\/lovefromhungary.com\/fr\/tours\/promenade-art-nouveau-budapest-visite-guidee-privee\/\" \/>\n<meta property=\"og:site_name\" content=\"Julia Kravianszky, Private Tour Guide in Budapest, Hungary\" \/>\n<meta property=\"article:modified_time\" content=\"2025-05-30T04:22:29+00:00\" \/>\n<meta property=\"og:image\" content=\"https:\/\/lovefromhungary.com\/wp-content\/uploads\/2016\/07\/Private_budapest_Art_Nouveau_Walking_Tour_06.jpg\" \/>\n\t<meta property=\"og:image:width\" content=\"1914\" \/>\n\t<meta property=\"og:image:height\" content=\"1078\" \/>\n\t<meta property=\"og:image:type\" content=\"image\/jpeg\" \/>\n<meta name=\"twitter:card\" content=\"summary\" \/>\n<meta name=\"twitter:label1\" content=\"Est. reading time\" \/>\n\t<meta name=\"twitter:data1\" content=\"3 minutes\" \/>\n<script type=\"application\/ld+json\" class=\"yoast-schema-graph\">{\"@context\":\"https:\/\/schema.org\",\"@graph\":[{\"@type\":[\"WebPage\",\"ItemPage\"],\"@id\":\"https:\/\/lovefromhungary.com\/fr\/tours\/promenade-art-nouveau-budapest-visite-guidee-privee\/\",\"url\":\"https:\/\/lovefromhungary.com\/fr\/tours\/promenade-art-nouveau-budapest-visite-guidee-privee\/\",\"name\":\"Promenade Art Nouveau Budapest - Julia Kravianszky Guide Touristique\",\"isPartOf\":{\"@id\":\"https:\/\/lovefromhungary.com\/fr\/#website\"},\"datePublished\":\"2016-07-11T07:13:18+00:00\",\"dateModified\":\"2025-05-30T04:22:29+00:00\",\"description\":\"Lors de la Promenade Art Nouveau Budapest vous d\u00e9couvrirez le triomphe de la courbe, de l\u2019asym\u00e9trie, de la polychromie et\u00a0des motifs floraux.\",\"breadcrumb\":{\"@id\":\"https:\/\/lovefromhungary.com\/fr\/tours\/promenade-art-nouveau-budapest-visite-guidee-privee\/#breadcrumb\"},\"inLanguage\":\"fr-FR\",\"potentialAction\":[{\"@type\":\"ReadAction\",\"target\":[\"https:\/\/lovefromhungary.com\/fr\/tours\/promenade-art-nouveau-budapest-visite-guidee-privee\/\"]}]},{\"@type\":\"BreadcrumbList\",\"@id\":\"https:\/\/lovefromhungary.com\/fr\/tours\/promenade-art-nouveau-budapest-visite-guidee-privee\/#breadcrumb\",\"itemListElement\":[{\"@type\":\"ListItem\",\"position\":1,\"name\":\"Home\",\"item\":\"https:\/\/lovefromhungary.com\/fr\/\"},{\"@type\":\"ListItem\",\"position\":2,\"name\":\"Shop\",\"item\":\"https:\/\/lovefromhungary.com\/shop\/\"},{\"@type\":\"ListItem\",\"position\":3,\"name\":\"PROMENADE ART NOUVEAU BUDAPEST\"}]},{\"@type\":\"WebSite\",\"@id\":\"https:\/\/lovefromhungary.com\/fr\/#website\",\"url\":\"https:\/\/lovefromhungary.com\/fr\/\",\"name\":\"Julia Kravianszky, Private Tour Guide in Budapest, Hungary\",\"description\":\"Personalized tours in the magnificent town of Budapest and the Hungarian countryside\",\"potentialAction\":[{\"@type\":\"SearchAction\",\"target\":{\"@type\":\"EntryPoint\",\"urlTemplate\":\"https:\/\/lovefromhungary.com\/fr\/?s={search_term_string}\"},\"query-input\":\"required name=search_term_string\"}],\"inLanguage\":\"fr-FR\"}]}<\/script>\n<!-- \/ Yoast SEO plugin. -->","yoast_head_json":{"title":"Promenade Art Nouveau Budapest - Julia Kravianszky Guide Touristique","description":"Lors de la Promenade Art Nouveau Budapest vous d\u00e9couvrirez le triomphe de la courbe, de l\u2019asym\u00e9trie, de la polychromie et\u00a0des motifs floraux.","robots":{"index":"index","follow":"follow","max-snippet":"max-snippet:-1","max-image-preview":"max-image-preview:large","max-video-preview":"max-video-preview:-1"},"canonical":"https:\/\/lovefromhungary.com\/fr\/tours\/promenade-art-nouveau-budapest-visite-guidee-privee\/","og_locale":"fr_FR","og_type":"article","og_title":"Promenade Art Nouveau Budapest - Julia Kravianszky Guide Touristique","og_description":"Lors de la Promenade Art Nouveau Budapest vous d\u00e9couvrirez le triomphe de la courbe, de l\u2019asym\u00e9trie, de la polychromie et\u00a0des motifs floraux.","og_url":"https:\/\/lovefromhungary.com\/fr\/tours\/promenade-art-nouveau-budapest-visite-guidee-privee\/","og_site_name":"Julia Kravianszky, Private Tour Guide in Budapest, Hungary","article_modified_time":"2025-05-30T04:22:29+00:00","og_image":[{"width":1914,"height":1078,"url":"https:\/\/lovefromhungary.com\/wp-content\/uploads\/2016\/07\/Private_budapest_Art_Nouveau_Walking_Tour_06.jpg","type":"image\/jpeg"}],"twitter_card":"summary","twitter_misc":{"Est. reading time":"3 minutes"},"schema":{"@context":"https:\/\/schema.org","@graph":[{"@type":["WebPage","ItemPage"],"@id":"https:\/\/lovefromhungary.com\/fr\/tours\/promenade-art-nouveau-budapest-visite-guidee-privee\/","url":"https:\/\/lovefromhungary.com\/fr\/tours\/promenade-art-nouveau-budapest-visite-guidee-privee\/","name":"Promenade Art Nouveau Budapest - Julia Kravianszky Guide Touristique","isPartOf":{"@id":"https:\/\/lovefromhungary.com\/fr\/#website"},"datePublished":"2016-07-11T07:13:18+00:00","dateModified":"2025-05-30T04:22:29+00:00","description":"Lors de la Promenade Art Nouveau Budapest vous d\u00e9couvrirez le triomphe de la courbe, de l\u2019asym\u00e9trie, de la polychromie et\u00a0des motifs floraux.","breadcrumb":{"@id":"https:\/\/lovefromhungary.com\/fr\/tours\/promenade-art-nouveau-budapest-visite-guidee-privee\/#breadcrumb"},"inLanguage":"fr-FR","potentialAction":[{"@type":"ReadAction","target":["https:\/\/lovefromhungary.com\/fr\/tours\/promenade-art-nouveau-budapest-visite-guidee-privee\/"]}]},{"@type":"BreadcrumbList","@id":"https:\/\/lovefromhungary.com\/fr\/tours\/promenade-art-nouveau-budapest-visite-guidee-privee\/#breadcrumb","itemListElement":[{"@type":"ListItem","position":1,"name":"Home","item":"https:\/\/lovefromhungary.com\/fr\/"},{"@type":"ListItem","position":2,"name":"Shop","item":"https:\/\/lovefromhungary.com\/shop\/"},{"@type":"ListItem","position":3,"name":"PROMENADE ART NOUVEAU BUDAPEST"}]},{"@type":"WebSite","@id":"https:\/\/lovefromhungary.com\/fr\/#website","url":"https:\/\/lovefromhungary.com\/fr\/","name":"Julia Kravianszky, Private Tour Guide in Budapest, Hungary","description":"Personalized tours in the magnificent town of Budapest and the Hungarian countryside","potentialAction":[{"@type":"SearchAction","target":{"@type":"EntryPoint","urlTemplate":"https:\/\/lovefromhungary.com\/fr\/?s={search_term_string}"},"query-input":"required name=search_term_string"}],"inLanguage":"fr-FR"}]}},"_links":{"self":[{"href":"https:\/\/lovefromhungary.com\/fr\/wp-json\/wp\/v2\/product\/5986","targetHints":{"allow":["GET"]}}],"collection":[{"href":"https:\/\/lovefromhungary.com\/fr\/wp-json\/wp\/v2\/product"}],"about":[{"href":"https:\/\/lovefromhungary.com\/fr\/wp-json\/wp\/v2\/types\/product"}],"replies":[{"embeddable":true,"href":"https:\/\/lovefromhungary.com\/fr\/wp-json\/wp\/v2\/comments?post=5986"}],"wp:featuredmedia":[{"embeddable":true,"href":"https:\/\/lovefromhungary.com\/fr\/wp-json\/wp\/v2\/media\/7351"}],"wp:attachment":[{"href":"https:\/\/lovefromhungary.com\/fr\/wp-json\/wp\/v2\/media?parent=5986"}],"wp:term":[{"taxonomy":"product_cat","embeddable":true,"href":"https:\/\/lovefromhungary.com\/fr\/wp-json\/wp\/v2\/product_cat?post=5986"},{"taxonomy":"product_tag","embeddable":true,"href":"https:\/\/lovefromhungary.com\/fr\/wp-json\/wp\/v2\/product_tag?post=5986"}],"curies":[{"name":"wp","href":"https:\/\/api.w.org\/{rel}","templated":true}]}}