{"id":5841,"date":"2016-06-05T15:06:38","date_gmt":"2016-06-05T15:06:38","guid":{"rendered":"https:\/\/lovefromhungary.com\/fr\/product\/best-pest-private-walking-tour\/"},"modified":"2025-04-27T05:48:08","modified_gmt":"2025-04-27T05:48:08","slug":"balade-decouverte-pest-visite-guidee-privee","status":"publish","type":"product","link":"https:\/\/lovefromhungary.com\/fr\/tours\/balade-decouverte-pest-visite-guidee-privee\/","title":{"rendered":"BALADE D\u00c9COUVERTE DE PEST"},"content":{"rendered":"<p>Nous allons d\u00e9couvrir ensemble Pest, la rive gauche du Danube. Une\u00a0balade enchant\u00e9e autour de la place des H\u00e9ros, du parc de la ville, de l&#8217;avenue Andr\u00e1ssy, de l&#8217;Op\u00e9ra, de la Basilique Saint-\u00c9tienne et du Parlement. Rejoignez la Balade D\u00e9couverte de Pest si vous voulez r\u00e9v\u00e9ler tous les secrets de la jeune et belle m\u00e9tropole.<br \/>\n<!--more--><\/p>\n<p>Pest est le symbole du chic et de la richesse. La plupart des b\u00e2timents et la structure de la ville datent du XIXe si\u00e8cle, \u00e0 l&#8217;\u00e9poque la Hongrie faisait partie du vast Empire Austro-Hongrois. Laissez vous guider dans le centre-ville pour voir\u00a0les plus beaux palais et monuments de cette p\u00e9riode.<\/p>\n<p>Votre visite d\u00e9butera \u00e0\u00a0la place monumentale des H\u00e9ros, o\u00f9 j&#8217;aimerais vous raconter sur l&#8217;histoire de la Hongrie de plus de 1100 ans. Je vais vous accompagner dans le Bois de Ville, parc pr\u00e9f\u00e9r\u00e9 des Budapestois d&#8217;une atmosph\u00e8re particuli\u00e8re, c\u00e9l\u00e8bre pour les plus grands bains publics de Budapest, le jardin zoologique et le ch\u00e2teau Vajdahunyad.<\/p>\n<p>Vous poursuivrez \u00a0en prenant\u00a0le petit m\u00e9tro du mill\u00e9naire de 120 ans pour retourner au centre-ville. Nous allons explorer le foyer principal de l&#8217;Op\u00e9ra d&#8217;\u00c9tat, avec toutes les\u00a0histoires secr\u00e8tes de plus bel \u00e9difice de l&#8217;avenue Andr\u00e1ssy. Apres une balade dans le Quartier Juif nous visiterons la Basilique Saint-\u00c9tienne, la plus grande et la plus riche \u00e9glise catholique de Budapest. Lors d&#8217;une belle promenade au centre-ville je vous pr\u00e9senterai les m\u00e9moriaux de la Seconde Guerre mondiale et communiste et le quartier Art Nouveau de la place de la Libert\u00e9.<\/p>\n<p>Nous allons prendre le temps pour admirer le Parlement, b\u00e2timent symbolique de Budapest, le deuxi\u00e8me plus grand Parlement de l&#8217;Europe. Notre balade se termine au long de la c\u00e9l\u00e8bre promenade du Danube y comprenant la visite aux Chaussures sur le Quai de Danube, monument poignant d\u00e9di\u00e9 aux juifs fusill\u00e9s dans le Danube en 1944 et 1945.<\/p>\n<div id=\"gallery_1\" class=\"gallery\">\n<div class=\"row gallery__items\">\n\t\t\t\t\t<div class=\"col-sm-3 gallery__item-wrap\" data-filterid=\"\">\n\t\t\t<a href=\"https:\/\/lovefromhungary.com\/wp-content\/uploads\/2016\/06\/best_pest_private_walking_tour_01.jpg\" class=\"swipebox gallery__item\" title=\"best_pest_private_walking_tour_01\">\n\t\t\t\t<img loading=\"lazy\" decoding=\"async\" width=\"720\" height=\"480\" src=\"https:\/\/lovefromhungary.com\/wp-content\/uploads\/2016\/06\/best_pest_private_walking_tour_01-720x480.jpg\" class=\"attachment-thumb_gallery size-thumb_gallery\" alt=\"\" srcset=\"https:\/\/lovefromhungary.com\/wp-content\/uploads\/2016\/06\/best_pest_private_walking_tour_01-720x480.jpg 720w, https:\/\/lovefromhungary.com\/wp-content\/uploads\/2016\/06\/best_pest_private_walking_tour_01-531x354.jpg 531w, https:\/\/lovefromhungary.com\/wp-content\/uploads\/2016\/06\/best_pest_private_walking_tour_01-180x120.jpg 180w\" sizes=\"auto, (max-width: 720px) 100vw, 720px\" \/>\t\t\t\t<span class=\"gallery__item__info\">\n\t\t\t\t\t<span class=\"gallery__item__info__content\">\n\t\t\t\t\t\t<span class=\"gallery__item__title\">best_pest_private_walking_tour_01<\/span>\n\t\t\t\t\t\t\t\t\t\t<\/span>\n\t\t\t\t\t<span class=\"gallery__item__shadow\"><\/span>\n\t\t\t\t<\/span>\n\t\t\t<\/a>\n\t\t<\/div>\n\t\t\t\t\t<div class=\"col-sm-3 gallery__item-wrap\" data-filterid=\"\">\n\t\t\t<a href=\"https:\/\/lovefromhungary.com\/wp-content\/uploads\/2016\/06\/best_pest_private_walking_tour_02.jpg\" class=\"swipebox gallery__item\" title=\"best_pest_private_walking_tour_02\">\n\t\t\t\t<img loading=\"lazy\" decoding=\"async\" width=\"720\" height=\"480\" src=\"https:\/\/lovefromhungary.com\/wp-content\/uploads\/2016\/06\/best_pest_private_walking_tour_02-720x480.jpg\" class=\"attachment-thumb_gallery size-thumb_gallery\" alt=\"\" srcset=\"https:\/\/lovefromhungary.com\/wp-content\/uploads\/2016\/06\/best_pest_private_walking_tour_02-720x480.jpg 720w, https:\/\/lovefromhungary.com\/wp-content\/uploads\/2016\/06\/best_pest_private_walking_tour_02-531x354.jpg 531w, https:\/\/lovefromhungary.com\/wp-content\/uploads\/2016\/06\/best_pest_private_walking_tour_02-180x120.jpg 180w\" sizes=\"auto, (max-width: 720px) 100vw, 720px\" \/>\t\t\t\t<span class=\"gallery__item__info\">\n\t\t\t\t\t<span class=\"gallery__item__info__content\">\n\t\t\t\t\t\t<span class=\"gallery__item__title\">best_pest_private_walking_tour_02<\/span>\n\t\t\t\t\t\t\t\t\t\t<\/span>\n\t\t\t\t\t<span class=\"gallery__item__shadow\"><\/span>\n\t\t\t\t<\/span>\n\t\t\t<\/a>\n\t\t<\/div>\n\t\t\t\t\t<div class=\"col-sm-3 gallery__item-wrap\" data-filterid=\"\">\n\t\t\t<a href=\"https:\/\/lovefromhungary.com\/wp-content\/uploads\/2016\/06\/best_pest_private_walking_tour_03.jpg\" class=\"swipebox gallery__item\" title=\"best_pest_private_walking_tour_03\">\n\t\t\t\t<img loading=\"lazy\" decoding=\"async\" width=\"720\" height=\"480\" src=\"https:\/\/lovefromhungary.com\/wp-content\/uploads\/2016\/06\/best_pest_private_walking_tour_03-720x480.jpg\" class=\"attachment-thumb_gallery size-thumb_gallery\" alt=\"\" srcset=\"https:\/\/lovefromhungary.com\/wp-content\/uploads\/2016\/06\/best_pest_private_walking_tour_03-720x480.jpg 720w, https:\/\/lovefromhungary.com\/wp-content\/uploads\/2016\/06\/best_pest_private_walking_tour_03-531x354.jpg 531w, https:\/\/lovefromhungary.com\/wp-content\/uploads\/2016\/06\/best_pest_private_walking_tour_03-180x120.jpg 180w\" sizes=\"auto, (max-width: 720px) 100vw, 720px\" \/>\t\t\t\t<span class=\"gallery__item__info\">\n\t\t\t\t\t<span class=\"gallery__item__info__content\">\n\t\t\t\t\t\t<span class=\"gallery__item__title\">best_pest_private_walking_tour_03<\/span>\n\t\t\t\t\t\t\t\t\t\t<\/span>\n\t\t\t\t\t<span class=\"gallery__item__shadow\"><\/span>\n\t\t\t\t<\/span>\n\t\t\t<\/a>\n\t\t<\/div>\n\t\t\t\t\t<div class=\"col-sm-3 gallery__item-wrap\" data-filterid=\"\">\n\t\t\t<a href=\"https:\/\/lovefromhungary.com\/wp-content\/uploads\/2016\/06\/best_pest_private_walking_tour_04-scaled.jpg\" class=\"swipebox gallery__item\" title=\"best_pest_private_walking_tour_04\">\n\t\t\t\t<img loading=\"lazy\" decoding=\"async\" width=\"720\" height=\"480\" src=\"https:\/\/lovefromhungary.com\/wp-content\/uploads\/2016\/06\/best_pest_private_walking_tour_04-scaled-720x480.jpg\" class=\"attachment-thumb_gallery size-thumb_gallery\" alt=\"\" srcset=\"https:\/\/lovefromhungary.com\/wp-content\/uploads\/2016\/06\/best_pest_private_walking_tour_04-scaled-720x480.jpg 720w, https:\/\/lovefromhungary.com\/wp-content\/uploads\/2016\/06\/best_pest_private_walking_tour_04-scaled-531x354.jpg 531w, https:\/\/lovefromhungary.com\/wp-content\/uploads\/2016\/06\/best_pest_private_walking_tour_04-scaled-180x120.jpg 180w, https:\/\/lovefromhungary.com\/wp-content\/uploads\/2016\/06\/best_pest_private_walking_tour_04-scaled-360x240.jpg 360w\" sizes=\"auto, (max-width: 720px) 100vw, 720px\" \/>\t\t\t\t<span class=\"gallery__item__info\">\n\t\t\t\t\t<span class=\"gallery__item__info__content\">\n\t\t\t\t\t\t<span class=\"gallery__item__title\">best_pest_private_walking_tour_04<\/span>\n\t\t\t\t\t\t\t\t\t\t<\/span>\n\t\t\t\t\t<span class=\"gallery__item__shadow\"><\/span>\n\t\t\t\t<\/span>\n\t\t\t<\/a>\n\t\t<\/div>\n\t\t\t\t\t<div class=\"col-sm-3 gallery__item-wrap\" data-filterid=\"\">\n\t\t\t<a href=\"https:\/\/lovefromhungary.com\/wp-content\/uploads\/2016\/06\/best_pest_private_walking_tour_05.jpg\" class=\"swipebox gallery__item\" title=\"best_pest_private_walking_tour_05\">\n\t\t\t\t<img loading=\"lazy\" decoding=\"async\" width=\"720\" height=\"480\" src=\"https:\/\/lovefromhungary.com\/wp-content\/uploads\/2016\/06\/best_pest_private_walking_tour_05-720x480.jpg\" class=\"attachment-thumb_gallery size-thumb_gallery\" alt=\"\" srcset=\"https:\/\/lovefromhungary.com\/wp-content\/uploads\/2016\/06\/best_pest_private_walking_tour_05-720x480.jpg 720w, https:\/\/lovefromhungary.com\/wp-content\/uploads\/2016\/06\/best_pest_private_walking_tour_05-531x354.jpg 531w, https:\/\/lovefromhungary.com\/wp-content\/uploads\/2016\/06\/best_pest_private_walking_tour_05-180x120.jpg 180w\" sizes=\"auto, (max-width: 720px) 100vw, 720px\" \/>\t\t\t\t<span class=\"gallery__item__info\">\n\t\t\t\t\t<span class=\"gallery__item__info__content\">\n\t\t\t\t\t\t<span class=\"gallery__item__title\">best_pest_private_walking_tour_05<\/span>\n\t\t\t\t\t\t\t\t\t\t<\/span>\n\t\t\t\t\t<span class=\"gallery__item__shadow\"><\/span>\n\t\t\t\t<\/span>\n\t\t\t<\/a>\n\t\t<\/div>\n\t\t\t\t\t<div class=\"col-sm-3 gallery__item-wrap\" data-filterid=\"\">\n\t\t\t<a href=\"https:\/\/lovefromhungary.com\/wp-content\/uploads\/2016\/06\/best_pest_private_walking_tour_06.jpg\" class=\"swipebox gallery__item\" title=\"best_pest_private_walking_tour_06\">\n\t\t\t\t<img loading=\"lazy\" decoding=\"async\" width=\"720\" height=\"480\" src=\"https:\/\/lovefromhungary.com\/wp-content\/uploads\/2016\/06\/best_pest_private_walking_tour_06-720x480.jpg\" class=\"attachment-thumb_gallery size-thumb_gallery\" alt=\"\" srcset=\"https:\/\/lovefromhungary.com\/wp-content\/uploads\/2016\/06\/best_pest_private_walking_tour_06-720x480.jpg 720w, https:\/\/lovefromhungary.com\/wp-content\/uploads\/2016\/06\/best_pest_private_walking_tour_06-531x354.jpg 531w, https:\/\/lovefromhungary.com\/wp-content\/uploads\/2016\/06\/best_pest_private_walking_tour_06-180x120.jpg 180w\" sizes=\"auto, (max-width: 720px) 100vw, 720px\" \/>\t\t\t\t<span class=\"gallery__item__info\">\n\t\t\t\t\t<span class=\"gallery__item__info__content\">\n\t\t\t\t\t\t<span class=\"gallery__item__title\">best_pest_private_walking_tour_06<\/span>\n\t\t\t\t\t\t\t\t\t\t<\/span>\n\t\t\t\t\t<span class=\"gallery__item__shadow\"><\/span>\n\t\t\t\t<\/span>\n\t\t\t<\/a>\n\t\t<\/div>\n\t\t\t\t\t<div class=\"col-sm-3 gallery__item-wrap\" data-filterid=\"\">\n\t\t\t<a href=\"https:\/\/lovefromhungary.com\/wp-content\/uploads\/2016\/06\/best_pest_private_walking_tour_07.jpg\" class=\"swipebox gallery__item\" title=\"best_pest_private_walking_tour_07\">\n\t\t\t\t<img loading=\"lazy\" decoding=\"async\" width=\"720\" height=\"480\" src=\"https:\/\/lovefromhungary.com\/wp-content\/uploads\/2016\/06\/best_pest_private_walking_tour_07-720x480.jpg\" class=\"attachment-thumb_gallery size-thumb_gallery\" alt=\"\" srcset=\"https:\/\/lovefromhungary.com\/wp-content\/uploads\/2016\/06\/best_pest_private_walking_tour_07-720x480.jpg 720w, https:\/\/lovefromhungary.com\/wp-content\/uploads\/2016\/06\/best_pest_private_walking_tour_07-531x354.jpg 531w, https:\/\/lovefromhungary.com\/wp-content\/uploads\/2016\/06\/best_pest_private_walking_tour_07-180x120.jpg 180w\" sizes=\"auto, (max-width: 720px) 100vw, 720px\" \/>\t\t\t\t<span class=\"gallery__item__info\">\n\t\t\t\t\t<span class=\"gallery__item__info__content\">\n\t\t\t\t\t\t<span class=\"gallery__item__title\">best_pest_private_walking_tour_07<\/span>\n\t\t\t\t\t\t\t\t\t\t<\/span>\n\t\t\t\t\t<span class=\"gallery__item__shadow\"><\/span>\n\t\t\t\t<\/span>\n\t\t\t<\/a>\n\t\t<\/div>\n\t\t\t\t\t<div class=\"col-sm-3 gallery__item-wrap\" data-filterid=\"\">\n\t\t\t<a href=\"https:\/\/lovefromhungary.com\/wp-content\/uploads\/2016\/06\/best_pest_private_walking_tour_08.jpg\" class=\"swipebox gallery__item\" title=\"best_pest_private_walking_tour_08\">\n\t\t\t\t<img loading=\"lazy\" decoding=\"async\" width=\"720\" height=\"480\" src=\"https:\/\/lovefromhungary.com\/wp-content\/uploads\/2016\/06\/best_pest_private_walking_tour_08-720x480.jpg\" class=\"attachment-thumb_gallery size-thumb_gallery\" alt=\"\" srcset=\"https:\/\/lovefromhungary.com\/wp-content\/uploads\/2016\/06\/best_pest_private_walking_tour_08-720x480.jpg 720w, https:\/\/lovefromhungary.com\/wp-content\/uploads\/2016\/06\/best_pest_private_walking_tour_08-531x354.jpg 531w, https:\/\/lovefromhungary.com\/wp-content\/uploads\/2016\/06\/best_pest_private_walking_tour_08-180x120.jpg 180w\" sizes=\"auto, (max-width: 720px) 100vw, 720px\" \/>\t\t\t\t<span class=\"gallery__item__info\">\n\t\t\t\t\t<span class=\"gallery__item__info__content\">\n\t\t\t\t\t\t<span class=\"gallery__item__title\">best_pest_private_walking_tour_08<\/span>\n\t\t\t\t\t\t\t\t\t\t<\/span>\n\t\t\t\t\t<span class=\"gallery__item__shadow\"><\/span>\n\t\t\t\t<\/span>\n\t\t\t<\/a>\n\t\t<\/div>\n\t\t\t\t\t<div class=\"col-sm-3 gallery__item-wrap\" data-filterid=\"\">\n\t\t\t<a href=\"https:\/\/lovefromhungary.com\/wp-content\/uploads\/2016\/06\/best_pest_private_walking_tour_09.jpg\" class=\"swipebox gallery__item\" title=\"best_pest_private_walking_tour_09\">\n\t\t\t\t<img loading=\"lazy\" decoding=\"async\" width=\"720\" height=\"480\" src=\"https:\/\/lovefromhungary.com\/wp-content\/uploads\/2016\/06\/best_pest_private_walking_tour_09-720x480.jpg\" class=\"attachment-thumb_gallery size-thumb_gallery\" alt=\"\" srcset=\"https:\/\/lovefromhungary.com\/wp-content\/uploads\/2016\/06\/best_pest_private_walking_tour_09-720x480.jpg 720w, https:\/\/lovefromhungary.com\/wp-content\/uploads\/2016\/06\/best_pest_private_walking_tour_09-531x354.jpg 531w, https:\/\/lovefromhungary.com\/wp-content\/uploads\/2016\/06\/best_pest_private_walking_tour_09-180x120.jpg 180w\" sizes=\"auto, (max-width: 720px) 100vw, 720px\" \/>\t\t\t\t<span class=\"gallery__item__info\">\n\t\t\t\t\t<span class=\"gallery__item__info__content\">\n\t\t\t\t\t\t<span class=\"gallery__item__title\">best_pest_private_walking_tour_09<\/span>\n\t\t\t\t\t\t\t\t\t\t<\/span>\n\t\t\t\t\t<span class=\"gallery__item__shadow\"><\/span>\n\t\t\t\t<\/span>\n\t\t\t<\/a>\n\t\t<\/div>\n\t\t\t\t\t<div class=\"col-sm-3 gallery__item-wrap\" data-filterid=\"\">\n\t\t\t<a href=\"https:\/\/lovefromhungary.com\/wp-content\/uploads\/2016\/06\/best_pest_private_walking_tour_10.jpg\" class=\"swipebox gallery__item\" title=\"best_pest_private_walking_tour_10\">\n\t\t\t\t<img loading=\"lazy\" decoding=\"async\" width=\"720\" height=\"480\" src=\"https:\/\/lovefromhungary.com\/wp-content\/uploads\/2016\/06\/best_pest_private_walking_tour_10-720x480.jpg\" class=\"attachment-thumb_gallery size-thumb_gallery\" alt=\"\" srcset=\"https:\/\/lovefromhungary.com\/wp-content\/uploads\/2016\/06\/best_pest_private_walking_tour_10-720x480.jpg 720w, https:\/\/lovefromhungary.com\/wp-content\/uploads\/2016\/06\/best_pest_private_walking_tour_10-531x354.jpg 531w, https:\/\/lovefromhungary.com\/wp-content\/uploads\/2016\/06\/best_pest_private_walking_tour_10-180x120.jpg 180w\" sizes=\"auto, (max-width: 720px) 100vw, 720px\" \/>\t\t\t\t<span class=\"gallery__item__info\">\n\t\t\t\t\t<span class=\"gallery__item__info__content\">\n\t\t\t\t\t\t<span class=\"gallery__item__title\">best_pest_private_walking_tour_10<\/span>\n\t\t\t\t\t\t\t\t\t\t<\/span>\n\t\t\t\t\t<span class=\"gallery__item__shadow\"><\/span>\n\t\t\t\t<\/span>\n\t\t\t<\/a>\n\t\t<\/div>\n\t\t\t\t\t<div class=\"col-sm-3 gallery__item-wrap\" data-filterid=\"\">\n\t\t\t<a href=\"https:\/\/lovefromhungary.com\/wp-content\/uploads\/2016\/06\/best_pest_private_walking_tour_12-scaled.jpg\" class=\"swipebox gallery__item\" title=\"best_pest_private_walking_tour_12\">\n\t\t\t\t<img loading=\"lazy\" decoding=\"async\" width=\"720\" height=\"480\" src=\"https:\/\/lovefromhungary.com\/wp-content\/uploads\/2016\/06\/best_pest_private_walking_tour_12-scaled-720x480.jpg\" class=\"attachment-thumb_gallery size-thumb_gallery\" alt=\"\" srcset=\"https:\/\/lovefromhungary.com\/wp-content\/uploads\/2016\/06\/best_pest_private_walking_tour_12-scaled-720x480.jpg 720w, https:\/\/lovefromhungary.com\/wp-content\/uploads\/2016\/06\/best_pest_private_walking_tour_12-scaled-531x354.jpg 531w, https:\/\/lovefromhungary.com\/wp-content\/uploads\/2016\/06\/best_pest_private_walking_tour_12-scaled-180x120.jpg 180w\" sizes=\"auto, (max-width: 720px) 100vw, 720px\" \/>\t\t\t\t<span class=\"gallery__item__info\">\n\t\t\t\t\t<span class=\"gallery__item__info__content\">\n\t\t\t\t\t\t<span class=\"gallery__item__title\">best_pest_private_walking_tour_12<\/span>\n\t\t\t\t\t\t\t\t\t\t<\/span>\n\t\t\t\t\t<span class=\"gallery__item__shadow\"><\/span>\n\t\t\t\t<\/span>\n\t\t\t<\/a>\n\t\t<\/div>\n\t<\/div>\n<\/div>\n<table class=\"table table-bordered tours-tabs__table\" style=\"height: 365px; width: 856px;\">\n<tbody>\n<tr>\n<td style=\"width: 307px;\"><strong>D\u00c9PART<\/strong><\/td>\n<td style=\"width: 533px;\">Rendez-vous\u00a0\u00e0 l\u2019h\u00f4tel<\/td>\n<\/tr>\n<tr>\n<td style=\"width: 307px;\"><b>COMPRIS<\/b><\/td>\n<td style=\"width: 533px;\"><i class=\"fa fa-check icon-tick icon-tick--on\"><\/i>Explications en fran\u00e7ais\n<p>&nbsp;<\/p><\/td>\n<\/tr>\n<tr>\n<td style=\"width: 307px;\"><b>NON COMPRIS<\/b><\/td>\n<td style=\"width: 533px;\"><i class=\"fa fa-times icon-tick icon-tick--off\"><\/i>Frais d\u2019entr\u00e9e\n<p><i class=\"fa fa-times icon-tick icon-tick--off\"><\/i>Transport en commun<\/p>\n<p><i class=\"fa fa-times icon-tick icon-tick--off\"><\/i>Repas et boissons<\/p><\/td>\n<\/tr>\n<\/tbody>\n<\/table>\n<p>Tous les tours ci-dessus sont des visites priv\u00e9es seulement pour vous et pour votre famille ou vos amis.\u00a0Les prix sont pour un groupe de maximum de 4 personnes. <a href=\"https:\/\/lovefromhungary.com\/fr\/contact-me\/\">Faites-moi savoir<\/a> si vous voulez adapter la visite pour plusieurs personnes.<\/p>\n<p>Voulez-vous s\u2019il vous pla\u00eet\u00a0<a href=\"https:\/\/lovefromhungary.com\/fr\/contact-me\/\">me contacter<\/a> si vous avez\u00a0des probl\u00e8mes avec votre r\u00e9servation.<\/p>\n","protected":false},"excerpt":{"rendered":"<p>Nous allons d\u00e9couvrir ensemble Pest, la rive gauche du Danube. Une\u00a0balade enchant\u00e9e autour de la place des H\u00e9ros, du parc de la ville, de l&#8217;avenue Andr\u00e1ssy, de l&#8217;Op\u00e9ra, de la Basilique Saint-\u00c9tienne et du Parlement. Rejoignez la Balade D\u00e9couverte de Pest si vous voulez r\u00e9v\u00e9ler tous les secrets de la jeune et belle m\u00e9tropole.<\/p>\n","protected":false},"featured_media":5651,"comment_status":"open","ping_status":"closed","template":"","meta":[],"product_cat":[],"product_tag":[],"class_list":["post-5841","product","type-product","status-publish","has-post-thumbnail","hentry","tour_category-promenades-budapest-visite-guidee"],"yoast_head":"<!-- This site is optimized with the Yoast SEO plugin v19.7.1 - https:\/\/yoast.com\/wordpress\/plugins\/seo\/ -->\n<title>Balade D\u00e9couverte Pest- Julia Kravianszky Guide Touristique Budapest<\/title>\n<meta name=\"description\" content=\"Une\u00a0balade enchant\u00e9e tout autour de Pest: place des H\u00e9ros, Bois de Ville, avenue Andr\u00e1ssy, Op\u00e9ra, Basilique Saint-\u00c9tienne, Parlement.\" \/>\n<meta name=\"robots\" content=\"index, follow, max-snippet:-1, max-image-preview:large, max-video-preview:-1\" \/>\n<link rel=\"canonical\" href=\"https:\/\/lovefromhungary.com\/tours\/best-pest-private-walking-tour\/\" \/>\n<meta property=\"og:locale\" content=\"fr_FR\" \/>\n<meta property=\"og:type\" content=\"article\" \/>\n<meta property=\"og:title\" content=\"Balade D\u00e9couverte Pest- Julia Kravianszky Guide Touristique Budapest\" \/>\n<meta property=\"og:description\" content=\"Une\u00a0balade enchant\u00e9e tout autour de Pest: place des H\u00e9ros, Bois de Ville, avenue Andr\u00e1ssy, Op\u00e9ra, Basilique Saint-\u00c9tienne, Parlement.\" \/>\n<meta property=\"og:url\" content=\"https:\/\/lovefromhungary.com\/tours\/best-pest-private-walking-tour\/\" \/>\n<meta property=\"og:site_name\" content=\"Julia Kravianszky, Private Tour Guide in Budapest, Hungary\" \/>\n<meta property=\"article:modified_time\" content=\"2025-04-27T05:48:08+00:00\" \/>\n<meta property=\"og:image\" content=\"https:\/\/lovefromhungary.com\/wp-content\/uploads\/2016\/06\/best_pest_private_walking_tour_04-scaled.jpg\" \/>\n\t<meta property=\"og:image:width\" content=\"2560\" \/>\n\t<meta property=\"og:image:height\" content=\"1573\" \/>\n\t<meta property=\"og:image:type\" content=\"image\/jpeg\" \/>\n<meta name=\"twitter:card\" content=\"summary\" \/>\n<meta name=\"twitter:label1\" content=\"Est. reading time\" \/>\n\t<meta name=\"twitter:data1\" content=\"2 minutes\" \/>\n<script type=\"application\/ld+json\" class=\"yoast-schema-graph\">{\"@context\":\"https:\/\/schema.org\",\"@graph\":[{\"@type\":[\"WebPage\",\"ItemPage\"],\"@id\":\"https:\/\/lovefromhungary.com\/tours\/best-pest-private-walking-tour\/\",\"url\":\"https:\/\/lovefromhungary.com\/tours\/best-pest-private-walking-tour\/\",\"name\":\"Balade D\u00e9couverte Pest- Julia Kravianszky Guide Touristique Budapest\",\"isPartOf\":{\"@id\":\"https:\/\/lovefromhungary.com\/fr\/#website\"},\"datePublished\":\"2016-06-05T15:06:38+00:00\",\"dateModified\":\"2025-04-27T05:48:08+00:00\",\"description\":\"Une\u00a0balade enchant\u00e9e tout autour de Pest: place des H\u00e9ros, Bois de Ville, avenue Andr\u00e1ssy, Op\u00e9ra, Basilique Saint-\u00c9tienne, Parlement.\",\"breadcrumb\":{\"@id\":\"https:\/\/lovefromhungary.com\/tours\/best-pest-private-walking-tour\/#breadcrumb\"},\"inLanguage\":\"fr-FR\",\"potentialAction\":[{\"@type\":\"ReadAction\",\"target\":[\"https:\/\/lovefromhungary.com\/tours\/best-pest-private-walking-tour\/\"]}]},{\"@type\":\"BreadcrumbList\",\"@id\":\"https:\/\/lovefromhungary.com\/tours\/best-pest-private-walking-tour\/#breadcrumb\",\"itemListElement\":[{\"@type\":\"ListItem\",\"position\":1,\"name\":\"Home\",\"item\":\"https:\/\/lovefromhungary.com\/fr\/\"},{\"@type\":\"ListItem\",\"position\":2,\"name\":\"Shop\",\"item\":\"https:\/\/lovefromhungary.com\/shop\/\"},{\"@type\":\"ListItem\",\"position\":3,\"name\":\"BALADE D\u00c9COUVERTE DE PEST\"}]},{\"@type\":\"WebSite\",\"@id\":\"https:\/\/lovefromhungary.com\/fr\/#website\",\"url\":\"https:\/\/lovefromhungary.com\/fr\/\",\"name\":\"Julia Kravianszky, Private Tour Guide in Budapest, Hungary\",\"description\":\"Personalized tours in the magnificent town of Budapest and the Hungarian countryside\",\"potentialAction\":[{\"@type\":\"SearchAction\",\"target\":{\"@type\":\"EntryPoint\",\"urlTemplate\":\"https:\/\/lovefromhungary.com\/fr\/?s={search_term_string}\"},\"query-input\":\"required name=search_term_string\"}],\"inLanguage\":\"fr-FR\"}]}<\/script>\n<!-- \/ Yoast SEO plugin. -->","yoast_head_json":{"title":"Balade D\u00e9couverte Pest- Julia Kravianszky Guide Touristique Budapest","description":"Une\u00a0balade enchant\u00e9e tout autour de Pest: place des H\u00e9ros, Bois de Ville, avenue Andr\u00e1ssy, Op\u00e9ra, Basilique Saint-\u00c9tienne, Parlement.","robots":{"index":"index","follow":"follow","max-snippet":"max-snippet:-1","max-image-preview":"max-image-preview:large","max-video-preview":"max-video-preview:-1"},"canonical":"https:\/\/lovefromhungary.com\/tours\/best-pest-private-walking-tour\/","og_locale":"fr_FR","og_type":"article","og_title":"Balade D\u00e9couverte Pest- Julia Kravianszky Guide Touristique Budapest","og_description":"Une\u00a0balade enchant\u00e9e tout autour de Pest: place des H\u00e9ros, Bois de Ville, avenue Andr\u00e1ssy, Op\u00e9ra, Basilique Saint-\u00c9tienne, Parlement.","og_url":"https:\/\/lovefromhungary.com\/tours\/best-pest-private-walking-tour\/","og_site_name":"Julia Kravianszky, Private Tour Guide in Budapest, Hungary","article_modified_time":"2025-04-27T05:48:08+00:00","og_image":[{"width":2560,"height":1573,"url":"https:\/\/lovefromhungary.com\/wp-content\/uploads\/2016\/06\/best_pest_private_walking_tour_04-scaled.jpg","type":"image\/jpeg"}],"twitter_card":"summary","twitter_misc":{"Est. reading time":"2 minutes"},"schema":{"@context":"https:\/\/schema.org","@graph":[{"@type":["WebPage","ItemPage"],"@id":"https:\/\/lovefromhungary.com\/tours\/best-pest-private-walking-tour\/","url":"https:\/\/lovefromhungary.com\/tours\/best-pest-private-walking-tour\/","name":"Balade D\u00e9couverte Pest- Julia Kravianszky Guide Touristique Budapest","isPartOf":{"@id":"https:\/\/lovefromhungary.com\/fr\/#website"},"datePublished":"2016-06-05T15:06:38+00:00","dateModified":"2025-04-27T05:48:08+00:00","description":"Une\u00a0balade enchant\u00e9e tout autour de Pest: place des H\u00e9ros, Bois de Ville, avenue Andr\u00e1ssy, Op\u00e9ra, Basilique Saint-\u00c9tienne, Parlement.","breadcrumb":{"@id":"https:\/\/lovefromhungary.com\/tours\/best-pest-private-walking-tour\/#breadcrumb"},"inLanguage":"fr-FR","potentialAction":[{"@type":"ReadAction","target":["https:\/\/lovefromhungary.com\/tours\/best-pest-private-walking-tour\/"]}]},{"@type":"BreadcrumbList","@id":"https:\/\/lovefromhungary.com\/tours\/best-pest-private-walking-tour\/#breadcrumb","itemListElement":[{"@type":"ListItem","position":1,"name":"Home","item":"https:\/\/lovefromhungary.com\/fr\/"},{"@type":"ListItem","position":2,"name":"Shop","item":"https:\/\/lovefromhungary.com\/shop\/"},{"@type":"ListItem","position":3,"name":"BALADE D\u00c9COUVERTE DE PEST"}]},{"@type":"WebSite","@id":"https:\/\/lovefromhungary.com\/fr\/#website","url":"https:\/\/lovefromhungary.com\/fr\/","name":"Julia Kravianszky, Private Tour Guide in Budapest, Hungary","description":"Personalized tours in the magnificent town of Budapest and the Hungarian countryside","potentialAction":[{"@type":"SearchAction","target":{"@type":"EntryPoint","urlTemplate":"https:\/\/lovefromhungary.com\/fr\/?s={search_term_string}"},"query-input":"required name=search_term_string"}],"inLanguage":"fr-FR"}]}},"_links":{"self":[{"href":"https:\/\/lovefromhungary.com\/fr\/wp-json\/wp\/v2\/product\/5841","targetHints":{"allow":["GET"]}}],"collection":[{"href":"https:\/\/lovefromhungary.com\/fr\/wp-json\/wp\/v2\/product"}],"about":[{"href":"https:\/\/lovefromhungary.com\/fr\/wp-json\/wp\/v2\/types\/product"}],"replies":[{"embeddable":true,"href":"https:\/\/lovefromhungary.com\/fr\/wp-json\/wp\/v2\/comments?post=5841"}],"wp:featuredmedia":[{"embeddable":true,"href":"https:\/\/lovefromhungary.com\/fr\/wp-json\/wp\/v2\/media\/5651"}],"wp:attachment":[{"href":"https:\/\/lovefromhungary.com\/fr\/wp-json\/wp\/v2\/media?parent=5841"}],"wp:term":[{"taxonomy":"product_cat","embeddable":true,"href":"https:\/\/lovefromhungary.com\/fr\/wp-json\/wp\/v2\/product_cat?post=5841"},{"taxonomy":"product_tag","embeddable":true,"href":"https:\/\/lovefromhungary.com\/fr\/wp-json\/wp\/v2\/product_tag?post=5841"}],"curies":[{"name":"wp","href":"https:\/\/api.w.org\/{rel}","templated":true}]}}