{"id":5561,"date":"2016-06-05T15:21:55","date_gmt":"2016-06-05T15:21:55","guid":{"rendered":"https:\/\/lovefromhungary.com\/fr\/product\/budapest-jewish-quarter-walk\/"},"modified":"2025-05-14T16:08:11","modified_gmt":"2025-05-14T16:08:11","slug":"balade-quartier-juif-budapest-visite-privee-guidee","status":"publish","type":"product","link":"https:\/\/lovefromhungary.com\/fr\/tours\/balade-quartier-juif-budapest-visite-privee-guidee\/","title":{"rendered":"BALADE QUARTIER JUIF BUDAPEST"},"content":{"rendered":"<p>Le quartier juif tire son nom du fait que c&#8217;\u00e9tait le centre de la culte et de la culture juives avant de devenir le ghetto en 1944.\u00a0Lors de cette balade dans le quartier juif de Budapest vous d\u00e9couvrirez le c\u00e9l\u00e8bre triangle des synagogues et les monuments comm\u00e9morant la 2eme guerre mondiale et le ghetto de Budapest.<br \/>\n<!--more--><\/p>\n<p>Le quartier juif de Budapest ne se limite pas \u00e0 la Grande Synagogue et aux bars de ruine. Les Juifs ont v\u00e9cu sur le territoire actuel de la Hongrie depuis pr\u00e8s de 2000 ans. Les plus beaux b\u00e2timents et les myst\u00e8res non r\u00e9v\u00e9l\u00e9s de l&#8217;histoire et de la culture juives sont cach\u00e9s dans le centre-ville, dans le 7\u00e8me arrondissement de Budapest.<\/p>\n<p>Au cours de cette promenade, nous allons voir le fameux &#8220;triangle des synagogue&#8221; (ce qui est en fait un rectangle) y compris la Grande Synagogue, la deuxi\u00e8me plus grande synagogue du monde. Nous verrons \u00e9galement des monuments poignants comm\u00e9morant le ghetto de Budapest. J&#8217;aimerais vous pr\u00e9senter comment la communaut\u00e9 juive a <span style=\"font-weight: 400;\">surv\u00e9cu \u00e0 la<\/span> p\u00e9riode la plus sombre de notre histoire.<\/p>\n<p>Vous d\u00e9couvrirez de quelle fa\u00e7on et pourquoi le quartier juif est devenu le centre le plus important de la religion et de la culture juives. La communaut\u00e9 juive a toujours jou\u00e9 un r\u00f4le tr\u00e8s important\u00a0a Budapest, avant l&#8217;Holocauste 25% de la population de Budapest \u00e9tait juive et 125 synagogues ont fonctionn\u00e9.<\/p>\n<p>Je vous ferai voir des b\u00e2timents tellement\u00a0magnifiques\u00a0afin que vous puissiez \u00e9galement admirer le street art unique, les superbes peintures murales du quartier et les meilleurs exemples de l&#8217;architecture Art nouveau hongroise. Je vous raconterai les histoires et les secrets cach\u00e9s derri\u00e8re l&#8217;atmosph\u00e8re unique du quartier et de sa renaissance avec des bars de ruine, des galeries et des petites boutiques vintage. Je vous expliquerai sur la transformation de l&#8217;ancien ghetto en un nouveau quartier branch\u00e9 et multiculturel de Budapest.<\/p>\n<div id=\"gallery_1\" class=\"gallery\">\n<div class=\"row gallery__items\">\n\t\t\t\t\t<div class=\"col-sm-3 gallery__item-wrap\" data-filterid=\"\">\n\t\t\t<a href=\"https:\/\/lovefromhungary.com\/wp-content\/uploads\/2016\/07\/Budapest_private_full_day_walking_tour_10.jpg\" class=\"swipebox gallery__item\" title=\"Full Day Budapest Private Walking Tour\">\n\t\t\t\t<img loading=\"lazy\" decoding=\"async\" width=\"720\" height=\"480\" src=\"https:\/\/lovefromhungary.com\/wp-content\/uploads\/2016\/07\/Budapest_private_full_day_walking_tour_10-720x480.jpg\" class=\"attachment-thumb_gallery size-thumb_gallery\" alt=\"Full Day Budapest Private Walking Tour\" srcset=\"https:\/\/lovefromhungary.com\/wp-content\/uploads\/2016\/07\/Budapest_private_full_day_walking_tour_10-720x480.jpg 720w, https:\/\/lovefromhungary.com\/wp-content\/uploads\/2016\/07\/Budapest_private_full_day_walking_tour_10-531x354.jpg 531w, https:\/\/lovefromhungary.com\/wp-content\/uploads\/2016\/07\/Budapest_private_full_day_walking_tour_10-180x120.jpg 180w\" sizes=\"auto, (max-width: 720px) 100vw, 720px\" \/>\t\t\t\t<span class=\"gallery__item__info\">\n\t\t\t\t\t<span class=\"gallery__item__info__content\">\n\t\t\t\t\t\t<span class=\"gallery__item__title\">Full Day Budapest Private Walking Tour<\/span>\n\t\t\t\t\t\t\t\t\t\t<\/span>\n\t\t\t\t\t<span class=\"gallery__item__shadow\"><\/span>\n\t\t\t\t<\/span>\n\t\t\t<\/a>\n\t\t<\/div>\n\t\t\t\t\t<div class=\"col-sm-3 gallery__item-wrap\" data-filterid=\"\">\n\t\t\t<a href=\"https:\/\/lovefromhungary.com\/wp-content\/uploads\/2016\/07\/Budapest_private_full_day_walking_tour_11-scaled.jpg\" class=\"swipebox gallery__item\" title=\"Full Day Budapest Private Walking Tour\">\n\t\t\t\t<img loading=\"lazy\" decoding=\"async\" width=\"720\" height=\"480\" src=\"https:\/\/lovefromhungary.com\/wp-content\/uploads\/2016\/07\/Budapest_private_full_day_walking_tour_11-scaled-720x480.jpg\" class=\"attachment-thumb_gallery size-thumb_gallery\" alt=\"Full Day Budapest Private Walking Tour\" srcset=\"https:\/\/lovefromhungary.com\/wp-content\/uploads\/2016\/07\/Budapest_private_full_day_walking_tour_11-scaled-720x480.jpg 720w, https:\/\/lovefromhungary.com\/wp-content\/uploads\/2016\/07\/Budapest_private_full_day_walking_tour_11-scaled-531x354.jpg 531w, https:\/\/lovefromhungary.com\/wp-content\/uploads\/2016\/07\/Budapest_private_full_day_walking_tour_11-scaled-180x120.jpg 180w\" sizes=\"auto, (max-width: 720px) 100vw, 720px\" \/>\t\t\t\t<span class=\"gallery__item__info\">\n\t\t\t\t\t<span class=\"gallery__item__info__content\">\n\t\t\t\t\t\t<span class=\"gallery__item__title\">Full Day Budapest Private Walking Tour<\/span>\n\t\t\t\t\t\t\t\t\t\t<\/span>\n\t\t\t\t\t<span class=\"gallery__item__shadow\"><\/span>\n\t\t\t\t<\/span>\n\t\t\t<\/a>\n\t\t<\/div>\n\t\t\t\t\t<div class=\"col-sm-3 gallery__item-wrap\" data-filterid=\"\">\n\t\t\t<a href=\"https:\/\/lovefromhungary.com\/wp-content\/uploads\/2016\/06\/Budapest_Jewish_Quarter_Private_Walking_Tour_07-scaled.jpg\" class=\"swipebox gallery__item\" title=\"Budapest_Jewish_Quarter_Private_Walking_Tour_07\">\n\t\t\t\t<img loading=\"lazy\" decoding=\"async\" width=\"720\" height=\"480\" src=\"https:\/\/lovefromhungary.com\/wp-content\/uploads\/2016\/06\/Budapest_Jewish_Quarter_Private_Walking_Tour_07-scaled-720x480.jpg\" class=\"attachment-thumb_gallery size-thumb_gallery\" alt=\"\" srcset=\"https:\/\/lovefromhungary.com\/wp-content\/uploads\/2016\/06\/Budapest_Jewish_Quarter_Private_Walking_Tour_07-scaled-720x480.jpg 720w, https:\/\/lovefromhungary.com\/wp-content\/uploads\/2016\/06\/Budapest_Jewish_Quarter_Private_Walking_Tour_07-scaled-531x354.jpg 531w, https:\/\/lovefromhungary.com\/wp-content\/uploads\/2016\/06\/Budapest_Jewish_Quarter_Private_Walking_Tour_07-scaled-180x120.jpg 180w\" sizes=\"auto, (max-width: 720px) 100vw, 720px\" \/>\t\t\t\t<span class=\"gallery__item__info\">\n\t\t\t\t\t<span class=\"gallery__item__info__content\">\n\t\t\t\t\t\t<span class=\"gallery__item__title\">Budapest_Jewish_Quarter_Private_Walking_Tour_07<\/span>\n\t\t\t\t\t\t\t\t\t\t<\/span>\n\t\t\t\t\t<span class=\"gallery__item__shadow\"><\/span>\n\t\t\t\t<\/span>\n\t\t\t<\/a>\n\t\t<\/div>\n\t\t\t\t\t<div class=\"col-sm-3 gallery__item-wrap\" data-filterid=\"\">\n\t\t\t<a href=\"https:\/\/lovefromhungary.com\/wp-content\/uploads\/2016\/06\/Budapest_Jewish_Quarter_Private_Walking_Tour_05.jpg\" class=\"swipebox gallery__item\" title=\"Budapest_Jewish_Quarter_Private_Walking_Tour_05\">\n\t\t\t\t<img loading=\"lazy\" decoding=\"async\" width=\"720\" height=\"480\" src=\"https:\/\/lovefromhungary.com\/wp-content\/uploads\/2016\/06\/Budapest_Jewish_Quarter_Private_Walking_Tour_05-720x480.jpg\" class=\"attachment-thumb_gallery size-thumb_gallery\" alt=\"\" srcset=\"https:\/\/lovefromhungary.com\/wp-content\/uploads\/2016\/06\/Budapest_Jewish_Quarter_Private_Walking_Tour_05-720x480.jpg 720w, https:\/\/lovefromhungary.com\/wp-content\/uploads\/2016\/06\/Budapest_Jewish_Quarter_Private_Walking_Tour_05-531x354.jpg 531w, https:\/\/lovefromhungary.com\/wp-content\/uploads\/2016\/06\/Budapest_Jewish_Quarter_Private_Walking_Tour_05-180x120.jpg 180w\" sizes=\"auto, (max-width: 720px) 100vw, 720px\" \/>\t\t\t\t<span class=\"gallery__item__info\">\n\t\t\t\t\t<span class=\"gallery__item__info__content\">\n\t\t\t\t\t\t<span class=\"gallery__item__title\">Budapest_Jewish_Quarter_Private_Walking_Tour_05<\/span>\n\t\t\t\t\t\t\t\t\t\t<\/span>\n\t\t\t\t\t<span class=\"gallery__item__shadow\"><\/span>\n\t\t\t\t<\/span>\n\t\t\t<\/a>\n\t\t<\/div>\n\t\t\t\t\t<div class=\"col-sm-3 gallery__item-wrap\" data-filterid=\"\">\n\t\t\t<a href=\"https:\/\/lovefromhungary.com\/wp-content\/uploads\/2016\/06\/Budapest_Jewish_Quarter_Private_Walking_Tour_04.jpg\" class=\"swipebox gallery__item\" title=\"Budapest_Jewish_Quarter_Private_Walking_Tour_04\">\n\t\t\t\t<img loading=\"lazy\" decoding=\"async\" width=\"720\" height=\"480\" src=\"https:\/\/lovefromhungary.com\/wp-content\/uploads\/2016\/06\/Budapest_Jewish_Quarter_Private_Walking_Tour_04-720x480.jpg\" class=\"attachment-thumb_gallery size-thumb_gallery\" alt=\"\" srcset=\"https:\/\/lovefromhungary.com\/wp-content\/uploads\/2016\/06\/Budapest_Jewish_Quarter_Private_Walking_Tour_04-720x480.jpg 720w, https:\/\/lovefromhungary.com\/wp-content\/uploads\/2016\/06\/Budapest_Jewish_Quarter_Private_Walking_Tour_04-531x354.jpg 531w, https:\/\/lovefromhungary.com\/wp-content\/uploads\/2016\/06\/Budapest_Jewish_Quarter_Private_Walking_Tour_04-180x120.jpg 180w\" sizes=\"auto, (max-width: 720px) 100vw, 720px\" \/>\t\t\t\t<span class=\"gallery__item__info\">\n\t\t\t\t\t<span class=\"gallery__item__info__content\">\n\t\t\t\t\t\t<span class=\"gallery__item__title\">Budapest_Jewish_Quarter_Private_Walking_Tour_04<\/span>\n\t\t\t\t\t\t\t\t\t\t<\/span>\n\t\t\t\t\t<span class=\"gallery__item__shadow\"><\/span>\n\t\t\t\t<\/span>\n\t\t\t<\/a>\n\t\t<\/div>\n\t\t\t\t\t<div class=\"col-sm-3 gallery__item-wrap\" data-filterid=\"\">\n\t\t\t<a href=\"https:\/\/lovefromhungary.com\/wp-content\/uploads\/2016\/06\/Budapest_Jewish_Quarter_Private_Walking_Tour_03.jpg\" class=\"swipebox gallery__item\" title=\"Budapest_Jewish_Quarter_Private_Walking_Tour_03\">\n\t\t\t\t<img loading=\"lazy\" decoding=\"async\" width=\"720\" height=\"480\" src=\"https:\/\/lovefromhungary.com\/wp-content\/uploads\/2016\/06\/Budapest_Jewish_Quarter_Private_Walking_Tour_03-720x480.jpg\" class=\"attachment-thumb_gallery size-thumb_gallery\" alt=\"\" srcset=\"https:\/\/lovefromhungary.com\/wp-content\/uploads\/2016\/06\/Budapest_Jewish_Quarter_Private_Walking_Tour_03-720x480.jpg 720w, https:\/\/lovefromhungary.com\/wp-content\/uploads\/2016\/06\/Budapest_Jewish_Quarter_Private_Walking_Tour_03-531x354.jpg 531w, https:\/\/lovefromhungary.com\/wp-content\/uploads\/2016\/06\/Budapest_Jewish_Quarter_Private_Walking_Tour_03-180x120.jpg 180w, https:\/\/lovefromhungary.com\/wp-content\/uploads\/2016\/06\/Budapest_Jewish_Quarter_Private_Walking_Tour_03-600x399.jpg 600w, https:\/\/lovefromhungary.com\/wp-content\/uploads\/2016\/06\/Budapest_Jewish_Quarter_Private_Walking_Tour_03.jpg 1312w\" sizes=\"auto, (max-width: 720px) 100vw, 720px\" \/>\t\t\t\t<span class=\"gallery__item__info\">\n\t\t\t\t\t<span class=\"gallery__item__info__content\">\n\t\t\t\t\t\t<span class=\"gallery__item__title\">Budapest_Jewish_Quarter_Private_Walking_Tour_03<\/span>\n\t\t\t\t\t\t\t\t\t\t<\/span>\n\t\t\t\t\t<span class=\"gallery__item__shadow\"><\/span>\n\t\t\t\t<\/span>\n\t\t\t<\/a>\n\t\t<\/div>\n\t\t\t\t\t<div class=\"col-sm-3 gallery__item-wrap\" data-filterid=\"\">\n\t\t\t<a href=\"https:\/\/lovefromhungary.com\/wp-content\/uploads\/2016\/06\/Budapest_Jewish_Quarter_Private_Walking_Tour_02.jpg\" class=\"swipebox gallery__item\" title=\"Budapest_Jewish_Quarter_Private_Walking_Tour_02\">\n\t\t\t\t<img loading=\"lazy\" decoding=\"async\" width=\"720\" height=\"480\" src=\"https:\/\/lovefromhungary.com\/wp-content\/uploads\/2016\/06\/Budapest_Jewish_Quarter_Private_Walking_Tour_02-720x480.jpg\" class=\"attachment-thumb_gallery size-thumb_gallery\" alt=\"\" srcset=\"https:\/\/lovefromhungary.com\/wp-content\/uploads\/2016\/06\/Budapest_Jewish_Quarter_Private_Walking_Tour_02-720x480.jpg 720w, https:\/\/lovefromhungary.com\/wp-content\/uploads\/2016\/06\/Budapest_Jewish_Quarter_Private_Walking_Tour_02-531x354.jpg 531w, https:\/\/lovefromhungary.com\/wp-content\/uploads\/2016\/06\/Budapest_Jewish_Quarter_Private_Walking_Tour_02-180x120.jpg 180w\" sizes=\"auto, (max-width: 720px) 100vw, 720px\" \/>\t\t\t\t<span class=\"gallery__item__info\">\n\t\t\t\t\t<span class=\"gallery__item__info__content\">\n\t\t\t\t\t\t<span class=\"gallery__item__title\">Budapest_Jewish_Quarter_Private_Walking_Tour_02<\/span>\n\t\t\t\t\t\t\t\t\t\t<\/span>\n\t\t\t\t\t<span class=\"gallery__item__shadow\"><\/span>\n\t\t\t\t<\/span>\n\t\t\t<\/a>\n\t\t<\/div>\n\t\t\t\t\t<div class=\"col-sm-3 gallery__item-wrap\" data-filterid=\"\">\n\t\t\t<a href=\"https:\/\/lovefromhungary.com\/wp-content\/uploads\/2016\/07\/Budapest_private_full_day_walking_tour_12.jpg\" class=\"swipebox gallery__item\" title=\"Full Day Budapest Private Walking Tour\">\n\t\t\t\t<img loading=\"lazy\" decoding=\"async\" width=\"720\" height=\"480\" src=\"https:\/\/lovefromhungary.com\/wp-content\/uploads\/2016\/07\/Budapest_private_full_day_walking_tour_12-720x480.jpg\" class=\"attachment-thumb_gallery size-thumb_gallery\" alt=\"Full Day Budapest Private Walking Tour\" srcset=\"https:\/\/lovefromhungary.com\/wp-content\/uploads\/2016\/07\/Budapest_private_full_day_walking_tour_12-720x480.jpg 720w, https:\/\/lovefromhungary.com\/wp-content\/uploads\/2016\/07\/Budapest_private_full_day_walking_tour_12-531x354.jpg 531w, https:\/\/lovefromhungary.com\/wp-content\/uploads\/2016\/07\/Budapest_private_full_day_walking_tour_12-180x120.jpg 180w, https:\/\/lovefromhungary.com\/wp-content\/uploads\/2016\/07\/Budapest_private_full_day_walking_tour_12-360x240.jpg 360w\" sizes=\"auto, (max-width: 720px) 100vw, 720px\" \/>\t\t\t\t<span class=\"gallery__item__info\">\n\t\t\t\t\t<span class=\"gallery__item__info__content\">\n\t\t\t\t\t\t<span class=\"gallery__item__title\">Full Day Budapest Private Walking Tour<\/span>\n\t\t\t\t\t\t\t\t\t\t<\/span>\n\t\t\t\t\t<span class=\"gallery__item__shadow\"><\/span>\n\t\t\t\t<\/span>\n\t\t\t<\/a>\n\t\t<\/div>\n\t<\/div>\n<\/div>\n<p>&nbsp;<\/p>\n<div style=\"width: 748px;\" class=\"wp-video\"><!--[if lt IE 9]><script>document.createElement('video');<\/script><![endif]-->\n<video class=\"wp-video-shortcode\" id=\"video-5561-1\" width=\"748\" height=\"421\" preload=\"metadata\" controls=\"controls\"><source type=\"video\/mp4\" src=\"https:\/\/lovefromhungary.com\/wp-content\/uploads\/2021\/07\/Budapest_Great_Synagogue_Tour.mp4?_=1\" \/><a href=\"https:\/\/lovefromhungary.com\/wp-content\/uploads\/2021\/07\/Budapest_Great_Synagogue_Tour.mp4\">https:\/\/lovefromhungary.com\/wp-content\/uploads\/2021\/07\/Budapest_Great_Synagogue_Tour.mp4<\/a><\/video><\/div>\n<table class=\"table table-bordered tours-tabs__table\" style=\"height: 365px; width: 856px;\">\n<tbody>\n<tr>\n<td style=\"width: 307px;\"><strong>D\u00c9PART<\/strong><\/td>\n<td style=\"width: 533px;\">Rendez-vous\u00a0\u00e0 l\u2019h\u00f4tel<\/td>\n<\/tr>\n<tr>\n<td style=\"width: 307px;\"><strong>COMPRIS<\/strong><\/td>\n<td style=\"width: 533px;\"><i class=\"fa fa-check icon-tick icon-tick--on\"><\/i>Explications en fran\u00e7ais<\/td>\n<\/tr>\n<tr>\n<td style=\"width: 307px;\"><b>NON COMPRIS<\/b><\/td>\n<td style=\"width: 533px;\"><i class=\"fa fa-times icon-tick icon-tick--off\"><\/i>Frais d\u2019entr\u00e9e<\/p>\n<p><i class=\"fa fa-times icon-tick icon-tick--off\"><\/i>Transport en commun<\/p>\n<p><i class=\"fa fa-times icon-tick icon-tick--off\"><\/i>Repas et boissons<\/td>\n<\/tr>\n<\/tbody>\n<\/table>\n<p>Tous les tours ci-dessus sont des visites priv\u00e9es seulement pour vous et pour votre famille ou vos amis.\u00a0Les prix sont pour un groupe de maximum de 4 personnes. <a href=\"https:\/\/lovefromhungary.com\/fr\/contact-me\/\">Faites-moi savoir<\/a> si vous voulez adapter la visite pour plusieurs personnes.<\/p>\n<p>Voulez-vous s\u2019il vous pla\u00eet\u00a0<a href=\"https:\/\/lovefromhungary.com\/fr\/contact-me\/\">me contacter<\/a> si vous avez\u00a0des probl\u00e8mes avec votre r\u00e9servation.<\/p>\n","protected":false},"excerpt":{"rendered":"<p>Le quartier juif tire son nom du fait que c&#8217;\u00e9tait le centre de la culte et de la culture juives avant de devenir le ghetto en 1944.\u00a0Lors de cette balade dans le quartier juif de Budapest vous d\u00e9couvrirez le c\u00e9l\u00e8bre triangle des synagogues et les monuments comm\u00e9morant la 2eme guerre mondiale et le ghetto de<\/p>\n<div class=\"padding-top text-center\"><a href=\"https:\/\/lovefromhungary.com\/fr\/tours\/balade-quartier-juif-budapest-visite-privee-guidee\/\" class=\"atbtn atbtn--medium atbtn--rounded atbtn--transparent\">Read more<i class=\"atbtn__icon atbtn__icon--right fa fa-long-arrow-right\"><\/i><\/a><\/div>\n","protected":false},"featured_media":7357,"comment_status":"open","ping_status":"closed","template":"","meta":[],"product_cat":[],"product_tag":[],"class_list":["post-5561","product","type-product","status-publish","has-post-thumbnail","hentry","tour_category-promenades-budapest-visite-guidee","tour_category-promenades-thematiques-budapest-visites-guidees"],"yoast_head":"<!-- This site is optimized with the Yoast SEO plugin v19.7.1 - https:\/\/yoast.com\/wordpress\/plugins\/seo\/ -->\n<title>Balade Quartier Juif Budapest - Julia Kravianszky Guide Touristique<\/title>\n<meta name=\"description\" content=\"Lors de cette balade dans le quartier juif de Budapest vous d\u00e9couvrirez le c\u00e9l\u00e8bre triangle des synagogues et les monuments comm\u00e9morant la 2eme guerre mondiale et le ghetto de Budapest.\" \/>\n<meta name=\"robots\" content=\"index, follow, max-snippet:-1, max-image-preview:large, max-video-preview:-1\" \/>\n<link rel=\"canonical\" href=\"https:\/\/lovefromhungary.com\/tours\/budapest-jewish-quarter-walk\/\" \/>\n<meta property=\"og:locale\" content=\"fr_FR\" \/>\n<meta property=\"og:type\" content=\"article\" \/>\n<meta property=\"og:title\" content=\"Balade Quartier Juif Budapest - Julia Kravianszky Guide Touristique\" \/>\n<meta property=\"og:description\" content=\"Lors de cette balade dans le quartier juif de Budapest vous d\u00e9couvrirez le c\u00e9l\u00e8bre triangle des synagogues et les monuments comm\u00e9morant la 2eme guerre mondiale et le ghetto de Budapest.\" \/>\n<meta property=\"og:url\" content=\"https:\/\/lovefromhungary.com\/tours\/budapest-jewish-quarter-walk\/\" \/>\n<meta property=\"og:site_name\" content=\"Julia Kravianszky, Private Tour Guide in Budapest, Hungary\" \/>\n<meta property=\"article:modified_time\" content=\"2025-05-14T16:08:11+00:00\" \/>\n<meta property=\"og:image\" content=\"https:\/\/lovefromhungary.com\/wp-content\/uploads\/2016\/07\/Budapest_private_full_day_walking_tour_12.jpg\" \/>\n\t<meta property=\"og:image:width\" content=\"1919\" \/>\n\t<meta property=\"og:image:height\" content=\"1081\" \/>\n\t<meta property=\"og:image:type\" content=\"image\/jpeg\" \/>\n<meta name=\"twitter:card\" content=\"summary\" \/>\n<meta name=\"twitter:label1\" content=\"Est. reading time\" \/>\n\t<meta name=\"twitter:data1\" content=\"2 minutes\" \/>\n<script type=\"application\/ld+json\" class=\"yoast-schema-graph\">{\"@context\":\"https:\/\/schema.org\",\"@graph\":[{\"@type\":[\"WebPage\",\"ItemPage\"],\"@id\":\"https:\/\/lovefromhungary.com\/tours\/budapest-jewish-quarter-walk\/\",\"url\":\"https:\/\/lovefromhungary.com\/tours\/budapest-jewish-quarter-walk\/\",\"name\":\"Balade Quartier Juif Budapest - Julia Kravianszky Guide Touristique\",\"isPartOf\":{\"@id\":\"https:\/\/lovefromhungary.com\/fr\/#website\"},\"datePublished\":\"2016-06-05T15:21:55+00:00\",\"dateModified\":\"2025-05-14T16:08:11+00:00\",\"description\":\"Lors de cette balade dans le quartier juif de Budapest vous d\u00e9couvrirez le c\u00e9l\u00e8bre triangle des synagogues et les monuments comm\u00e9morant la 2eme guerre mondiale et le ghetto de Budapest.\",\"breadcrumb\":{\"@id\":\"https:\/\/lovefromhungary.com\/tours\/budapest-jewish-quarter-walk\/#breadcrumb\"},\"inLanguage\":\"fr-FR\",\"potentialAction\":[{\"@type\":\"ReadAction\",\"target\":[\"https:\/\/lovefromhungary.com\/tours\/budapest-jewish-quarter-walk\/\"]}]},{\"@type\":\"BreadcrumbList\",\"@id\":\"https:\/\/lovefromhungary.com\/tours\/budapest-jewish-quarter-walk\/#breadcrumb\",\"itemListElement\":[{\"@type\":\"ListItem\",\"position\":1,\"name\":\"Home\",\"item\":\"https:\/\/lovefromhungary.com\/fr\/\"},{\"@type\":\"ListItem\",\"position\":2,\"name\":\"Shop\",\"item\":\"https:\/\/lovefromhungary.com\/shop\/\"},{\"@type\":\"ListItem\",\"position\":3,\"name\":\"BALADE QUARTIER JUIF BUDAPEST\"}]},{\"@type\":\"WebSite\",\"@id\":\"https:\/\/lovefromhungary.com\/fr\/#website\",\"url\":\"https:\/\/lovefromhungary.com\/fr\/\",\"name\":\"Julia Kravianszky, Private Tour Guide in Budapest, Hungary\",\"description\":\"Personalized tours in the magnificent town of Budapest and the Hungarian countryside\",\"potentialAction\":[{\"@type\":\"SearchAction\",\"target\":{\"@type\":\"EntryPoint\",\"urlTemplate\":\"https:\/\/lovefromhungary.com\/fr\/?s={search_term_string}\"},\"query-input\":\"required name=search_term_string\"}],\"inLanguage\":\"fr-FR\"}]}<\/script>\n<!-- \/ Yoast SEO plugin. -->","yoast_head_json":{"title":"Balade Quartier Juif Budapest - Julia Kravianszky Guide Touristique","description":"Lors de cette balade dans le quartier juif de Budapest vous d\u00e9couvrirez le c\u00e9l\u00e8bre triangle des synagogues et les monuments comm\u00e9morant la 2eme guerre mondiale et le ghetto de Budapest.","robots":{"index":"index","follow":"follow","max-snippet":"max-snippet:-1","max-image-preview":"max-image-preview:large","max-video-preview":"max-video-preview:-1"},"canonical":"https:\/\/lovefromhungary.com\/tours\/budapest-jewish-quarter-walk\/","og_locale":"fr_FR","og_type":"article","og_title":"Balade Quartier Juif Budapest - Julia Kravianszky Guide Touristique","og_description":"Lors de cette balade dans le quartier juif de Budapest vous d\u00e9couvrirez le c\u00e9l\u00e8bre triangle des synagogues et les monuments comm\u00e9morant la 2eme guerre mondiale et le ghetto de Budapest.","og_url":"https:\/\/lovefromhungary.com\/tours\/budapest-jewish-quarter-walk\/","og_site_name":"Julia Kravianszky, Private Tour Guide in Budapest, Hungary","article_modified_time":"2025-05-14T16:08:11+00:00","og_image":[{"width":1919,"height":1081,"url":"https:\/\/lovefromhungary.com\/wp-content\/uploads\/2016\/07\/Budapest_private_full_day_walking_tour_12.jpg","type":"image\/jpeg"}],"twitter_card":"summary","twitter_misc":{"Est. reading time":"2 minutes"},"schema":{"@context":"https:\/\/schema.org","@graph":[{"@type":["WebPage","ItemPage"],"@id":"https:\/\/lovefromhungary.com\/tours\/budapest-jewish-quarter-walk\/","url":"https:\/\/lovefromhungary.com\/tours\/budapest-jewish-quarter-walk\/","name":"Balade Quartier Juif Budapest - Julia Kravianszky Guide Touristique","isPartOf":{"@id":"https:\/\/lovefromhungary.com\/fr\/#website"},"datePublished":"2016-06-05T15:21:55+00:00","dateModified":"2025-05-14T16:08:11+00:00","description":"Lors de cette balade dans le quartier juif de Budapest vous d\u00e9couvrirez le c\u00e9l\u00e8bre triangle des synagogues et les monuments comm\u00e9morant la 2eme guerre mondiale et le ghetto de Budapest.","breadcrumb":{"@id":"https:\/\/lovefromhungary.com\/tours\/budapest-jewish-quarter-walk\/#breadcrumb"},"inLanguage":"fr-FR","potentialAction":[{"@type":"ReadAction","target":["https:\/\/lovefromhungary.com\/tours\/budapest-jewish-quarter-walk\/"]}]},{"@type":"BreadcrumbList","@id":"https:\/\/lovefromhungary.com\/tours\/budapest-jewish-quarter-walk\/#breadcrumb","itemListElement":[{"@type":"ListItem","position":1,"name":"Home","item":"https:\/\/lovefromhungary.com\/fr\/"},{"@type":"ListItem","position":2,"name":"Shop","item":"https:\/\/lovefromhungary.com\/shop\/"},{"@type":"ListItem","position":3,"name":"BALADE QUARTIER JUIF BUDAPEST"}]},{"@type":"WebSite","@id":"https:\/\/lovefromhungary.com\/fr\/#website","url":"https:\/\/lovefromhungary.com\/fr\/","name":"Julia Kravianszky, Private Tour Guide in Budapest, Hungary","description":"Personalized tours in the magnificent town of Budapest and the Hungarian countryside","potentialAction":[{"@type":"SearchAction","target":{"@type":"EntryPoint","urlTemplate":"https:\/\/lovefromhungary.com\/fr\/?s={search_term_string}"},"query-input":"required name=search_term_string"}],"inLanguage":"fr-FR"}]}},"_links":{"self":[{"href":"https:\/\/lovefromhungary.com\/fr\/wp-json\/wp\/v2\/product\/5561","targetHints":{"allow":["GET"]}}],"collection":[{"href":"https:\/\/lovefromhungary.com\/fr\/wp-json\/wp\/v2\/product"}],"about":[{"href":"https:\/\/lovefromhungary.com\/fr\/wp-json\/wp\/v2\/types\/product"}],"replies":[{"embeddable":true,"href":"https:\/\/lovefromhungary.com\/fr\/wp-json\/wp\/v2\/comments?post=5561"}],"wp:featuredmedia":[{"embeddable":true,"href":"https:\/\/lovefromhungary.com\/fr\/wp-json\/wp\/v2\/media\/7357"}],"wp:attachment":[{"href":"https:\/\/lovefromhungary.com\/fr\/wp-json\/wp\/v2\/media?parent=5561"}],"wp:term":[{"taxonomy":"product_cat","embeddable":true,"href":"https:\/\/lovefromhungary.com\/fr\/wp-json\/wp\/v2\/product_cat?post=5561"},{"taxonomy":"product_tag","embeddable":true,"href":"https:\/\/lovefromhungary.com\/fr\/wp-json\/wp\/v2\/product_tag?post=5561"}],"curies":[{"name":"wp","href":"https:\/\/api.w.org\/{rel}","templated":true}]}}