{"id":2568,"date":"2015-07-16T16:00:39","date_gmt":"2015-07-16T16:00:39","guid":{"rendered":"https:\/\/lovefromhungary.com\/fr\/contact-me\/"},"modified":"2025-01-09T07:40:27","modified_gmt":"2025-01-09T07:40:27","slug":"contact-me","status":"publish","type":"page","link":"https:\/\/lovefromhungary.com\/fr\/contact-me\/","title":{"rendered":"Contactez-moi"},"content":{"rendered":"<p>[vc_row el_class=&#8221;margin-bottom&#8221;][vc_column offset=&#8221;vc_col-md-6&#8243;]<div class=\"title\">\n\t\t\t<div class=\"title__subtitle\">Me contacter<\/div>\n\t\t<h3 class=\"title__primary\">Mes coordonn\u00e9es<\/h3>\n<\/div>\n[vc_column_text]N&#8217;h\u00e9sitez pas \u00e0\u00a0me contacter si vous avez des questions ou vous avez besoin de mon aide\u00a0\u00e0 planifier votre s\u00e9jour \u00e0 Budapest. Contactez-moi via les coordonn\u00e9es ci-dessous![\/vc_column_text]<div class=\"contact-info\">\n\t\t\t<div class=\"contact-info__item\">\n\t\t\t<div class=\"contact-info__item__icon\"><i class=\"fa fa-map-marker\"><\/i><\/div>\n\t\t\t<div class=\"contact-info__item__text\">Murak\u00f6zi utca 11\/A, Budapest 1025, Hungary<\/div>\n\t\t<\/div>\n\t\n\t<div class=\"contact-info__item\"><a href=\"tel:+36209272611\"><span class=\"contact-info__item__icon\"><i class=\"fa fa-phone\"><\/i><\/span><span class=\"contact-info__item__text\">+36 20 927 2611<\/span><\/a><\/div>\n\t\n\t<div class=\"contact-info__item\"><a href=\"mailto:jkravianszky@gmail.com\"><span class=\"contact-info__item__icon\"><i class=\"fa fa-envelope contact-info__item__icon__email\"><\/i><\/span><span class=\"contact-info__item__text\">jkravianszky@gmail.com<\/span><\/a><\/div>\n\t<div class=\"contact-info__item\"><a href=\"skype:kravianszky\"><span class=\"contact-info__item__icon\"><i class=\"fa fa-skype\"><\/i><\/span><span class=\"contact-info__item__text\">kravianszky<\/span><\/a><\/div><\/div>\n[vc_empty_space height=&#8221;20px&#8221;][vc_row_inner][\/vc_row_inner][vc_column_inner][\/vc_column_inner]<div class=\"social-icons social-icons--square\">\n\t<div class=\"social-icons__title\">We are social<\/div>\n\t<div class=\"social-icons__icons\">\n\t\t\t<a href=\"https:\/\/www.facebook.com\/lovefromhungary\" class=\"social-icons__icon social-icons__icon--facebook\"><i class=\"fa fa-facebook\"><\/i><\/a>\n\t\t\t\t\t\t<a href=\"https:\/\/www.youtube.com\/channel\/UCE8yyPeR0rNstNUQQQYX0Fg\" class=\"social-icons__icon social-icons__icon--youtube\"><i class=\"fa fa-youtube\"><\/i><\/a>\n\t\t\t\t\t\t<a href=\"https:\/\/www.instagram.com\/kravianszky\/\" class=\"social-icons__icon social-icons__icon--instagram\"><i class=\"fa fa-instagram\"><\/i><\/a>\n\t\t\t\t\t\t<\/div>\n<\/div>\n[vc_empty_space height=&#8221;20px&#8221;][\/vc_column][\/vc_row]<\/p>\n","protected":false},"excerpt":{"rendered":"<p>[vc_row el_class=&#8221;margin-bottom&#8221;][vc_column offset=&#8221;vc_col-md-6&#8243;][vc_column_text]N&#8217;h\u00e9sitez pas \u00e0\u00a0me contacter si vous avez des questions ou vous avez besoin de mon aide\u00a0\u00e0 planifier votre s\u00e9jour \u00e0 Budapest. Contactez-moi via les coordonn\u00e9es ci-dessous![\/vc_column_text][vc_empty_space height=&#8221;20px&#8221;][vc_row_inner][\/vc_row_inner][vc_column_inner][\/vc_column_inner][vc_empty_space height=&#8221;20px&#8221;][\/vc_column][\/vc_row]<\/p>\n","protected":false},"author":1,"featured_media":0,"parent":0,"menu_order":0,"comment_status":"open","ping_status":"open","template":"","meta":{"footnotes":""},"class_list":["post-2568","page","type-page","status-publish","hentry"],"yoast_head":"<!-- This site is optimized with the Yoast SEO plugin v19.7.1 - https:\/\/yoast.com\/wordpress\/plugins\/seo\/ -->\n<title>Julia Kravianszky Private Tour Guide - Contact Details<\/title>\n<meta name=\"description\" content=\"N&#039;h\u00e9sitez pas \u00e0\u00a0me contacter si vous avez des questions ou vous avez besoin de mon aide\u00a0\u00e0 planifier votre s\u00e9jour \u00e0 Budapest.\" \/>\n<meta name=\"robots\" content=\"index, follow, max-snippet:-1, max-image-preview:large, max-video-preview:-1\" \/>\n<link rel=\"canonical\" href=\"https:\/\/lovefromhungary.com\/fr\/contact-me\/\" \/>\n<meta property=\"og:locale\" content=\"fr_FR\" \/>\n<meta property=\"og:type\" content=\"article\" \/>\n<meta property=\"og:title\" content=\"Julia Kravianszky Private Tour Guide - Contact Details\" \/>\n<meta property=\"og:description\" content=\"N&#039;h\u00e9sitez pas \u00e0\u00a0me contacter si vous avez des questions ou vous avez besoin de mon aide\u00a0\u00e0 planifier votre s\u00e9jour \u00e0 Budapest.\" \/>\n<meta property=\"og:url\" content=\"https:\/\/lovefromhungary.com\/fr\/contact-me\/\" \/>\n<meta property=\"og:site_name\" content=\"Julia Kravianszky, Private Tour Guide in Budapest, Hungary\" \/>\n<meta property=\"article:modified_time\" content=\"2025-01-09T07:40:27+00:00\" \/>\n<meta name=\"twitter:card\" content=\"summary\" \/>\n<meta name=\"twitter:label1\" content=\"Est. reading time\" \/>\n\t<meta name=\"twitter:data1\" content=\"1 minute\" \/>\n<script type=\"application\/ld+json\" class=\"yoast-schema-graph\">{\"@context\":\"https:\/\/schema.org\",\"@graph\":[{\"@type\":\"WebPage\",\"@id\":\"https:\/\/lovefromhungary.com\/fr\/contact-me\/\",\"url\":\"https:\/\/lovefromhungary.com\/fr\/contact-me\/\",\"name\":\"Julia Kravianszky Private Tour Guide - Contact Details\",\"isPartOf\":{\"@id\":\"https:\/\/lovefromhungary.com\/fr\/#website\"},\"datePublished\":\"2015-07-16T16:00:39+00:00\",\"dateModified\":\"2025-01-09T07:40:27+00:00\",\"description\":\"N'h\u00e9sitez pas \u00e0\u00a0me contacter si vous avez des questions ou vous avez besoin de mon aide\u00a0\u00e0 planifier votre s\u00e9jour \u00e0 Budapest.\",\"breadcrumb\":{\"@id\":\"https:\/\/lovefromhungary.com\/fr\/contact-me\/#breadcrumb\"},\"inLanguage\":\"fr-FR\",\"potentialAction\":[{\"@type\":\"ReadAction\",\"target\":[\"https:\/\/lovefromhungary.com\/fr\/contact-me\/\"]}]},{\"@type\":\"BreadcrumbList\",\"@id\":\"https:\/\/lovefromhungary.com\/fr\/contact-me\/#breadcrumb\",\"itemListElement\":[{\"@type\":\"ListItem\",\"position\":1,\"name\":\"Home\",\"item\":\"https:\/\/lovefromhungary.com\/fr\/\"},{\"@type\":\"ListItem\",\"position\":2,\"name\":\"Contactez-moi\"}]},{\"@type\":\"WebSite\",\"@id\":\"https:\/\/lovefromhungary.com\/fr\/#website\",\"url\":\"https:\/\/lovefromhungary.com\/fr\/\",\"name\":\"Julia Kravianszky, Private Tour Guide in Budapest, Hungary\",\"description\":\"Personalized tours in the magnificent town of Budapest and the Hungarian countryside\",\"potentialAction\":[{\"@type\":\"SearchAction\",\"target\":{\"@type\":\"EntryPoint\",\"urlTemplate\":\"https:\/\/lovefromhungary.com\/fr\/?s={search_term_string}\"},\"query-input\":\"required name=search_term_string\"}],\"inLanguage\":\"fr-FR\"}]}<\/script>\n<!-- \/ Yoast SEO plugin. -->","yoast_head_json":{"title":"Julia Kravianszky Private Tour Guide - Contact Details","description":"N'h\u00e9sitez pas \u00e0\u00a0me contacter si vous avez des questions ou vous avez besoin de mon aide\u00a0\u00e0 planifier votre s\u00e9jour \u00e0 Budapest.","robots":{"index":"index","follow":"follow","max-snippet":"max-snippet:-1","max-image-preview":"max-image-preview:large","max-video-preview":"max-video-preview:-1"},"canonical":"https:\/\/lovefromhungary.com\/fr\/contact-me\/","og_locale":"fr_FR","og_type":"article","og_title":"Julia Kravianszky Private Tour Guide - Contact Details","og_description":"N'h\u00e9sitez pas \u00e0\u00a0me contacter si vous avez des questions ou vous avez besoin de mon aide\u00a0\u00e0 planifier votre s\u00e9jour \u00e0 Budapest.","og_url":"https:\/\/lovefromhungary.com\/fr\/contact-me\/","og_site_name":"Julia Kravianszky, Private Tour Guide in Budapest, Hungary","article_modified_time":"2025-01-09T07:40:27+00:00","twitter_card":"summary","twitter_misc":{"Est. reading time":"1 minute"},"schema":{"@context":"https:\/\/schema.org","@graph":[{"@type":"WebPage","@id":"https:\/\/lovefromhungary.com\/fr\/contact-me\/","url":"https:\/\/lovefromhungary.com\/fr\/contact-me\/","name":"Julia Kravianszky Private Tour Guide - Contact Details","isPartOf":{"@id":"https:\/\/lovefromhungary.com\/fr\/#website"},"datePublished":"2015-07-16T16:00:39+00:00","dateModified":"2025-01-09T07:40:27+00:00","description":"N'h\u00e9sitez pas \u00e0\u00a0me contacter si vous avez des questions ou vous avez besoin de mon aide\u00a0\u00e0 planifier votre s\u00e9jour \u00e0 Budapest.","breadcrumb":{"@id":"https:\/\/lovefromhungary.com\/fr\/contact-me\/#breadcrumb"},"inLanguage":"fr-FR","potentialAction":[{"@type":"ReadAction","target":["https:\/\/lovefromhungary.com\/fr\/contact-me\/"]}]},{"@type":"BreadcrumbList","@id":"https:\/\/lovefromhungary.com\/fr\/contact-me\/#breadcrumb","itemListElement":[{"@type":"ListItem","position":1,"name":"Home","item":"https:\/\/lovefromhungary.com\/fr\/"},{"@type":"ListItem","position":2,"name":"Contactez-moi"}]},{"@type":"WebSite","@id":"https:\/\/lovefromhungary.com\/fr\/#website","url":"https:\/\/lovefromhungary.com\/fr\/","name":"Julia Kravianszky, Private Tour Guide in Budapest, Hungary","description":"Personalized tours in the magnificent town of Budapest and the Hungarian countryside","potentialAction":[{"@type":"SearchAction","target":{"@type":"EntryPoint","urlTemplate":"https:\/\/lovefromhungary.com\/fr\/?s={search_term_string}"},"query-input":"required name=search_term_string"}],"inLanguage":"fr-FR"}]}},"_links":{"self":[{"href":"https:\/\/lovefromhungary.com\/fr\/wp-json\/wp\/v2\/pages\/2568","targetHints":{"allow":["GET"]}}],"collection":[{"href":"https:\/\/lovefromhungary.com\/fr\/wp-json\/wp\/v2\/pages"}],"about":[{"href":"https:\/\/lovefromhungary.com\/fr\/wp-json\/wp\/v2\/types\/page"}],"author":[{"embeddable":true,"href":"https:\/\/lovefromhungary.com\/fr\/wp-json\/wp\/v2\/users\/1"}],"replies":[{"embeddable":true,"href":"https:\/\/lovefromhungary.com\/fr\/wp-json\/wp\/v2\/comments?post=2568"}],"version-history":[{"count":5,"href":"https:\/\/lovefromhungary.com\/fr\/wp-json\/wp\/v2\/pages\/2568\/revisions"}],"predecessor-version":[{"id":6343,"href":"https:\/\/lovefromhungary.com\/fr\/wp-json\/wp\/v2\/pages\/2568\/revisions\/6343"}],"wp:attachment":[{"href":"https:\/\/lovefromhungary.com\/fr\/wp-json\/wp\/v2\/media?parent=2568"}],"curies":[{"name":"wp","href":"https:\/\/api.w.org\/{rel}","templated":true}]}}